{"id":609,"date":"2020-07-19T21:59:24","date_gmt":"2020-07-19T19:59:24","guid":{"rendered":"https:\/\/www.viktoriamitte.de\/flowmetest\/wordpress\/?page_id=609"},"modified":"2026-02-03T10:54:39","modified_gmt":"2026-02-03T09:54:39","slug":"gruendung","status":"publish","type":"page","link":"https:\/\/www.viktoriamitte.de\/fr\/gruendung\/","title":{"rendered":"A propos de nous"},"content":{"rendered":"<div data-elementor-type=\"wp-page\" data-elementor-id=\"609\" class=\"elementor elementor-609\">\n\t\t\t\t\t\t<section class=\"elementor-section elementor-top-section elementor-element elementor-element-858a131 elementor-section-boxed elementor-section-height-default elementor-section-height-default\" data-id=\"858a131\" data-element_type=\"section\" data-e-type=\"section\" data-settings=\"{&quot;background_background&quot;:&quot;classic&quot;}\">\n\t\t\t\t\t\t<div class=\"elementor-container elementor-column-gap-default\">\n\t\t\t\t\t<div class=\"elementor-column elementor-col-100 elementor-top-column elementor-element elementor-element-7d118f61\" data-id=\"7d118f61\" data-element_type=\"column\" data-e-type=\"column\">\n\t\t\t<div class=\"elementor-widget-wrap elementor-element-populated\">\n\t\t\t\t\t\t<div class=\"elementor-element elementor-element-1e7d67a2 elementor-widget elementor-widget-spacer\" data-id=\"1e7d67a2\" data-element_type=\"widget\" data-e-type=\"widget\" data-widget_type=\"spacer.default\">\n\t\t\t\t\t\t\t<div class=\"elementor-spacer\">\n\t\t\t<div class=\"elementor-spacer-inner\"><\/div>\n\t\t<\/div>\n\t\t\t\t\t\t<\/div>\n\t\t\t\t<div class=\"elementor-element elementor-element-358b8e49 elementor-widget elementor-widget-heading\" data-id=\"358b8e49\" data-element_type=\"widget\" data-e-type=\"widget\" data-widget_type=\"heading.default\">\n\t\t\t\t\t<h2 class=\"elementor-heading-title elementor-size-default\">Il \u00e9tait une fois...<br><br><\/h2>\t\t\t\t<\/div>\n\t\t\t\t<div class=\"elementor-element elementor-element-8ec3696 elementor-widget elementor-widget-text-editor\" data-id=\"8ec3696\" data-element_type=\"widget\" data-e-type=\"widget\" data-widget_type=\"text-editor.default\">\n\t\t\t\t\t\t\t\t\t<p>En 2007, une m\u00e8re se promenait avec son fils de trois ans en passant devant un terrain de sport. Des enfants couraient sur la pelouse, riaient, jubilaient, et le petit gar\u00e7on s\u2019arr\u00eata, fascin\u00e9. Les yeux grands ouverts, il regarda la sc\u00e8ne avant de dire : \u00ab Maman, moi aussi je veux jouer au football en costume \u00bb. Pour lui, c\u2019\u00e9tait \u00e9vident : quand on joue au football, on porte un costume. Un maillot.\nCette phrase ne quitta plus la m\u00e8re. Elle se mit donc \u00e0 chercher un club pr\u00e8s de la Ackerstra\u00dfe qui proposerait justement cela : un entra\u00eenement de football pour les tout-petits, id\u00e9alement avec un maillot. Mais partout o\u00f9 elle se renseignait, la r\u00e9ponse \u00e9tait la m\u00eame : le football ne commen\u00e7ait qu\u2019\u00e0 partir de cinq ans.\n\nD\u00e9termin\u00e9e \u00e0 r\u00e9aliser malgr\u00e9 tout le souhait de son fils, elle se tourna vers un bon ami, b\u00e9n\u00e9vole comme entra\u00eeneur de football. Ne pourrait-il pas proposer un petit entra\u00eenement une fois par semaine pour ces \u00ab petits lutins en costume \u00bb dans le parc ? Elle \u00e9tait s\u00fbre de trouver suffisamment d\u2019enfants enthousiastes.\nL\u2019ami n\u2019h\u00e9sita pas longtemps, mais la mit en garde : \u00ab Le parc n\u2019est pas id\u00e9al. Et si le terrain est occup\u00e9 ? Si le temps est mauvais ? Vas-tu dire aux enfants qu\u2019il n\u2019y a pas d\u2019entra\u00eenement aujourd\u2019hui ? \u00bb\n\nLa m\u00e8re marqua une pause \u2014 elle n\u2019y avait en effet pas pens\u00e9. \u00ab Alors louons une salle \u00bb, r\u00e9pondit-elle finalement. Mais cela aussi s\u2019av\u00e9ra impossible : seules les associations d\u00e9clar\u00e9es pouvaient r\u00e9server des cr\u00e9neaux de salle ou de terrain. Et c\u2019est ainsi qu\u2019une phrase fut prononc\u00e9e presque en passant, sans que personne n\u2019en mesure encore la port\u00e9e :\n\u00ab Alors cr\u00e9ons simplement un club. \u00bb<\/p>\n<p>\u00a0<\/p>\n<p data-start=\"1419\" data-end=\"1669\">\u00a0<br data-start=\"1753\" data-end=\"1756\">\u00a0<\/p>\n<p data-start=\"1671\" data-end=\"1793\">\u00c0 partir de ce moment-l\u00e0, tout s\u2019est acc\u00e9l\u00e9r\u00e9. L\u2019ami a pris en charge l\u2019organisation, cherch\u00e9 des solutions et, tr\u00e8s vite, les premiers entra\u00eenements ont eu lieu sur le sable du Beach Mitte, o\u00f9 il \u00e9tait possible de louer au moins une heure par semaine. En 2008, le club a finalement \u00e9t\u00e9 officiellement fond\u00e9. Avec cela sont arriv\u00e9s des cr\u00e9neaux fixes en salle et sur les terrains, et une simple id\u00e9e est devenue un v\u00e9ritable club.\n\nCe qui avait commenc\u00e9 par le souhait d\u2019un enfant de trois ans a rapidement grandi. D\u2019abord quelques enfants se sont ajout\u00e9s, puis de plus en plus. De nouveaux groupes d\u2019\u00e2ge, de nouvelles activit\u00e9s et de nouvelles id\u00e9es ont suivi. Le programme ne se limitait plus au football, mais proposait \u00e9galement des cours pour les enfants plus \u00e2g\u00e9s, les adolescents et les adultes. Et les demandes n\u2019ont jamais cess\u00e9. \u00c0 chaque nouveau besoin, le club a continu\u00e9 de se d\u00e9velopper.\nFinalement, le bon ami a pris une d\u00e9cision qui marque encore aujourd\u2019hui Viktoria Mitte : il a abandonn\u00e9 son m\u00e9tier initial pour se consacrer enti\u00e8rement au club. Avec un engagement sans rel\u00e2che, jour et nuit, avec c\u0153ur, passion et conviction. Pour cela, nous lui disons du fond du c\u0153ur : merci.\n\nMais cette histoire ne s\u2019arr\u00eate pas \u00e0 lui. Notre gratitude va \u00e0 toutes les personnes de la premi\u00e8re heure, \u00e0 celles qui nous ont accompagn\u00e9s \u00e0 un moment du parcours, qui nous ont soutenus ou qui font encore partie de cette communaut\u00e9 aujourd\u2019hui. Chaque aide, chaque id\u00e9e, chaque engagement a contribu\u00e9 \u00e0 transformer le souhait d\u2019un enfant en un club vivant et diversifi\u00e9. Sans vous, cette histoire n\u2019aurait jamais pu \u00eatre \u00e9crite.<\/p>\n<p data-start=\"1671\" data-end=\"1793\">\u00a0<\/p>\n<p data-start=\"3100\" data-end=\"3565\" data-is-last-node=\"\" data-is-only-node=\"\">\u00a0<\/p>\t\t\t\t\t\t\t\t<\/div>\n\t\t\t\t\t<\/div>\n\t\t<\/div>\n\t\t\t\t\t<\/div>\n\t\t<\/section>\n\t\t\t\t<section class=\"elementor-section elementor-top-section elementor-element elementor-element-578d48d elementor-section-boxed elementor-section-height-default elementor-section-height-default\" data-id=\"578d48d\" data-element_type=\"section\" data-e-type=\"section\">\n\t\t\t\t\t\t<div class=\"elementor-container elementor-column-gap-default\">\n\t\t\t\t\t<div class=\"elementor-column elementor-col-100 elementor-top-column elementor-element elementor-element-71e8f2d\" data-id=\"71e8f2d\" data-element_type=\"column\" data-e-type=\"column\">\n\t\t\t<div class=\"elementor-widget-wrap elementor-element-populated\">\n\t\t\t\t\t\t<div class=\"elementor-element elementor-element-a639f57 elementor-widget-divider--view-line elementor-widget elementor-widget-divider\" data-id=\"a639f57\" data-element_type=\"widget\" data-e-type=\"widget\" data-widget_type=\"divider.default\">\n\t\t\t\t\t\t\t<div class=\"elementor-divider\">\n\t\t\t<span class=\"elementor-divider-separator\">\n\t\t\t\t\t\t<\/span>\n\t\t<\/div>\n\t\t\t\t\t\t<\/div>\n\t\t\t\t\t<\/div>\n\t\t<\/div>\n\t\t\t\t\t<\/div>\n\t\t<\/section>\n\t\t\t\t<section class=\"elementor-section elementor-top-section elementor-element elementor-element-0094404 elementor-section-boxed elementor-section-height-default elementor-section-height-default\" data-id=\"0094404\" data-element_type=\"section\" data-e-type=\"section\">\n\t\t\t\t\t\t<div class=\"elementor-container elementor-column-gap-default\">\n\t\t\t\t\t<div class=\"elementor-column elementor-col-100 elementor-top-column elementor-element elementor-element-df0edf7\" data-id=\"df0edf7\" data-element_type=\"column\" data-e-type=\"column\">\n\t\t\t<div class=\"elementor-widget-wrap elementor-element-populated\">\n\t\t\t\t\t\t<div class=\"elementor-element elementor-element-fd887bd elementor-widget elementor-widget-heading\" data-id=\"fd887bd\" data-element_type=\"widget\" data-e-type=\"widget\" data-widget_type=\"heading.default\">\n\t\t\t\t\t<h2 class=\"elementor-heading-title elementor-size-default\">Suis ton club !<\/h2>\t\t\t\t<\/div>\n\t\t\t\t<div class=\"elementor-element elementor-element-da94d44 elementor-shape-rounded elementor-grid-0 e-grid-align-center elementor-widget elementor-widget-social-icons\" data-id=\"da94d44\" data-element_type=\"widget\" data-e-type=\"widget\" data-widget_type=\"social-icons.default\">\n\t\t\t\t\t\t\t<div class=\"elementor-social-icons-wrapper elementor-grid\" role=\"list\">\n\t\t\t\t\t\t\t<span class=\"elementor-grid-item\" role=\"listitem\">\n\t\t\t\t\t<a class=\"elementor-icon elementor-social-icon elementor-social-icon-facebook elementor-repeater-item-5bfce70\" href=\"https:\/\/www.facebook.com\/viktoriamitte\" target=\"_blank\">\n\t\t\t\t\t\t<span class=\"elementor-screen-only\">Facebook<\/span>\n\t\t\t\t\t\t<svg aria-hidden=\"true\" class=\"e-font-icon-svg e-fab-facebook\" viewbox=\"0 0 512 512\" xmlns=\"http:\/\/www.w3.org\/2000\/svg\"><path d=\"M504 256C504 119 393 8 256 8S8 119 8 256c0 123.78 90.69 226.38 209.25 245V327.69h-63V256h63v-54.64c0-62.15 37-96.48 93.67-96.48 27.14 0 55.52 4.84 55.52 4.84v61h-31.28c-30.8 0-40.41 19.12-40.41 38.73V256h68.78l-11 71.69h-57.78V501C413.31 482.38 504 379.78 504 256z\"><\/path><\/svg>\t\t\t\t\t<\/a>\n\t\t\t\t<\/span>\n\t\t\t\t\t\t\t<span class=\"elementor-grid-item\" role=\"listitem\">\n\t\t\t\t\t<a class=\"elementor-icon elementor-social-icon elementor-social-icon-youtube elementor-repeater-item-55874ed\" href=\"https:\/\/www.youtube.com\/channel\/UCqKLm5nxrXwwgpOS5eYDpcA\" target=\"_blank\">\n\t\t\t\t\t\t<span class=\"elementor-screen-only\">YouTube<\/span>\n\t\t\t\t\t\t<svg aria-hidden=\"true\" class=\"e-font-icon-svg e-fab-youtube\" viewbox=\"0 0 576 512\" xmlns=\"http:\/\/www.w3.org\/2000\/svg\"><path d=\"M549.655 124.083c-6.281-23.65-24.787-42.276-48.284-48.597C458.781 64 288 64 288 64S117.22 64 74.629 75.486c-23.497 6.322-42.003 24.947-48.284 48.597-11.412 42.867-11.412 132.305-11.412 132.305s0 89.438 11.412 132.305c6.281 23.65 24.787 41.5 48.284 47.821C117.22 448 288 448 288 448s170.78 0 213.371-11.486c23.497-6.321 42.003-24.171 48.284-47.821 11.412-42.867 11.412-132.305 11.412-132.305s0-89.438-11.412-132.305zm-317.51 213.508V175.185l142.739 81.205-142.739 81.201z\"><\/path><\/svg>\t\t\t\t\t<\/a>\n\t\t\t\t<\/span>\n\t\t\t\t\t\t\t<span class=\"elementor-grid-item\" role=\"listitem\">\n\t\t\t\t\t<a class=\"elementor-icon elementor-social-icon elementor-social-icon-instagram elementor-repeater-item-3041252\" href=\"https:\/\/www.instagram.com\/viktoriamitte\/\" target=\"_blank\">\n\t\t\t\t\t\t<span class=\"elementor-screen-only\">Instagram<\/span>\n\t\t\t\t\t\t<svg aria-hidden=\"true\" class=\"e-font-icon-svg e-fab-instagram\" viewbox=\"0 0 448 512\" xmlns=\"http:\/\/www.w3.org\/2000\/svg\"><path d=\"M224.1 141c-63.6 0-114.9 51.3-114.9 114.9s51.3 114.9 114.9 114.9S339 319.5 339 255.9 287.7 141 224.1 141zm0 189.6c-41.1 0-74.7-33.5-74.7-74.7s33.5-74.7 74.7-74.7 74.7 33.5 74.7 74.7-33.6 74.7-74.7 74.7zm146.4-194.3c0 14.9-12 26.8-26.8 26.8-14.9 0-26.8-12-26.8-26.8s12-26.8 26.8-26.8 26.8 12 26.8 26.8zm76.1 27.2c-1.7-35.9-9.9-67.7-36.2-93.9-26.2-26.2-58-34.4-93.9-36.2-37-2.1-147.9-2.1-184.9 0-35.8 1.7-67.6 9.9-93.9 36.1s-34.4 58-36.2 93.9c-2.1 37-2.1 147.9 0 184.9 1.7 35.9 9.9 67.7 36.2 93.9s58 34.4 93.9 36.2c37 2.1 147.9 2.1 184.9 0 35.9-1.7 67.7-9.9 93.9-36.2 26.2-26.2 34.4-58 36.2-93.9 2.1-37 2.1-147.8 0-184.8zM398.8 388c-7.8 19.6-22.9 34.7-42.6 42.6-29.5 11.7-99.5 9-132.1 9s-102.7 2.6-132.1-9c-19.6-7.8-34.7-22.9-42.6-42.6-11.7-29.5-9-99.5-9-132.1s-2.6-102.7 9-132.1c7.8-19.6 22.9-34.7 42.6-42.6 29.5-11.7 99.5-9 132.1-9s102.7-2.6 132.1 9c19.6 7.8 34.7 22.9 42.6 42.6 11.7 29.5 9 99.5 9 132.1s2.7 102.7-9 132.1z\"><\/path><\/svg>\t\t\t\t\t<\/a>\n\t\t\t\t<\/span>\n\t\t\t\t\t<\/div>\n\t\t\t\t\t\t<\/div>\n\t\t\t\t\t<\/div>\n\t\t<\/div>\n\t\t\t\t\t<\/div>\n\t\t<\/section>\n\t\t\t\t<section class=\"elementor-section elementor-top-section elementor-element elementor-element-5ed1913 elementor-section-boxed elementor-section-height-default elementor-section-height-default\" data-id=\"5ed1913\" data-element_type=\"section\" data-e-type=\"section\">\n\t\t\t\t\t\t<div class=\"elementor-container elementor-column-gap-default\">\n\t\t\t\t\t<div class=\"elementor-column elementor-col-100 elementor-top-column elementor-element elementor-element-c49a924\" data-id=\"c49a924\" data-element_type=\"column\" data-e-type=\"column\">\n\t\t\t<div class=\"elementor-widget-wrap elementor-element-populated\">\n\t\t\t\t\t\t<div class=\"elementor-element elementor-element-b522c95 elementor-widget elementor-widget-spacer\" data-id=\"b522c95\" data-element_type=\"widget\" data-e-type=\"widget\" data-widget_type=\"spacer.default\">\n\t\t\t\t\t\t\t<div class=\"elementor-spacer\">\n\t\t\t<div class=\"elementor-spacer-inner\"><\/div>\n\t\t<\/div>\n\t\t\t\t\t\t<\/div>\n\t\t\t\t\t<\/div>\n\t\t<\/div>\n\t\t\t\t\t<\/div>\n\t\t<\/section>\n\t\t\t\t<\/div>","protected":false},"excerpt":{"rendered":"<p>Es war einmal &#8230; Im Jahr 2007 spazierte eine Mutter mit ihrem dreij\u00e4hrigen Sohn an einem Sportplatz vorbei. Kinder rannten \u00fcber den Rasen, lachten, jubelten und der kleine Junge blieb fasziniert stehen. Mit gro\u00dfen Augen schaute er zu und sagte schlie\u00dflich: \u201eMami, ich m\u00f6chte auch Fu\u00dfball im Kost\u00fcm spielen\u201c.&nbsp; F\u00fcr ihn war klar: Wenn man [&hellip;]<\/p>\n","protected":false},"author":1,"featured_media":0,"parent":0,"menu_order":0,"comment_status":"closed","ping_status":"closed","template":"elementor_header_footer","meta":{"ocean_post_layout":"","ocean_both_sidebars_style":"","ocean_both_sidebars_content_width":0,"ocean_both_sidebars_sidebars_width":0,"ocean_sidebar":"sidebar","ocean_second_sidebar":"0","ocean_disable_margins":"enable","ocean_add_body_class":"","ocean_shortcode_before_top_bar":"","ocean_shortcode_after_top_bar":"","ocean_shortcode_before_header":"","ocean_shortcode_after_header":"","ocean_has_shortcode":"","ocean_shortcode_after_title":"","ocean_shortcode_before_footer_widgets":"","ocean_shortcode_after_footer_widgets":"","ocean_shortcode_before_footer_bottom":"","ocean_shortcode_after_footer_bottom":"","ocean_display_top_bar":"default","ocean_display_header":"default","ocean_header_style":"","ocean_center_header_left_menu":"0","ocean_custom_header_template":"0","ocean_custom_logo":0,"ocean_custom_retina_logo":0,"ocean_custom_logo_max_width":0,"ocean_custom_logo_tablet_max_width":0,"ocean_custom_logo_mobile_max_width":0,"ocean_custom_logo_max_height":0,"ocean_custom_logo_tablet_max_height":0,"ocean_custom_logo_mobile_max_height":0,"ocean_header_custom_menu":"0","ocean_menu_typo_font_family":"0","ocean_menu_typo_font_subset":"","ocean_menu_typo_font_size":0,"ocean_menu_typo_font_size_tablet":0,"ocean_menu_typo_font_size_mobile":0,"ocean_menu_typo_font_size_unit":"px","ocean_menu_typo_font_weight":"","ocean_menu_typo_font_weight_tablet":"","ocean_menu_typo_font_weight_mobile":"","ocean_menu_typo_transform":"","ocean_menu_typo_transform_tablet":"","ocean_menu_typo_transform_mobile":"","ocean_menu_typo_line_height":0,"ocean_menu_typo_line_height_tablet":0,"ocean_menu_typo_line_height_mobile":0,"ocean_menu_typo_line_height_unit":"","ocean_menu_typo_spacing":0,"ocean_menu_typo_spacing_tablet":0,"ocean_menu_typo_spacing_mobile":0,"ocean_menu_typo_spacing_unit":"","ocean_menu_link_color":"","ocean_menu_link_color_hover":"","ocean_menu_link_color_active":"","ocean_menu_link_background":"","ocean_menu_link_hover_background":"","ocean_menu_link_active_background":"","ocean_menu_social_links_bg":"","ocean_menu_social_hover_links_bg":"","ocean_menu_social_links_color":"","ocean_menu_social_hover_links_color":"","ocean_disable_title":"on","ocean_disable_heading":"default","ocean_post_title":"","ocean_post_subheading":"","ocean_post_title_style":"","ocean_post_title_background_color":"","ocean_post_title_background":0,"ocean_post_title_bg_image_position":"","ocean_post_title_bg_image_attachment":"","ocean_post_title_bg_image_repeat":"","ocean_post_title_bg_image_size":"","ocean_post_title_height":0,"ocean_post_title_bg_overlay":0.5,"ocean_post_title_bg_overlay_color":"","ocean_disable_breadcrumbs":"default","ocean_breadcrumbs_color":"","ocean_breadcrumbs_separator_color":"","ocean_breadcrumbs_links_color":"","ocean_breadcrumbs_links_hover_color":"","ocean_display_footer_widgets":"default","ocean_display_footer_bottom":"default","ocean_custom_footer_template":"0","footnotes":""},"class_list":["post-609","page","type-page","status-publish","hentry","entry"],"_links":{"self":[{"href":"https:\/\/www.viktoriamitte.de\/fr\/wp-json\/wp\/v2\/pages\/609","targetHints":{"allow":["GET"]}}],"collection":[{"href":"https:\/\/www.viktoriamitte.de\/fr\/wp-json\/wp\/v2\/pages"}],"about":[{"href":"https:\/\/www.viktoriamitte.de\/fr\/wp-json\/wp\/v2\/types\/page"}],"author":[{"embeddable":true,"href":"https:\/\/www.viktoriamitte.de\/fr\/wp-json\/wp\/v2\/users\/1"}],"replies":[{"embeddable":true,"href":"https:\/\/www.viktoriamitte.de\/fr\/wp-json\/wp\/v2\/comments?post=609"}],"version-history":[{"count":27,"href":"https:\/\/www.viktoriamitte.de\/fr\/wp-json\/wp\/v2\/pages\/609\/revisions"}],"predecessor-version":[{"id":32897,"href":"https:\/\/www.viktoriamitte.de\/fr\/wp-json\/wp\/v2\/pages\/609\/revisions\/32897"}],"wp:attachment":[{"href":"https:\/\/www.viktoriamitte.de\/fr\/wp-json\/wp\/v2\/media?parent=609"}],"curies":[{"name":"wp","href":"https:\/\/api.w.org\/{rel}","templated":true}]}}