{"id":29717,"date":"2024-10-23T10:01:20","date_gmt":"2024-10-23T08:01:20","guid":{"rendered":"https:\/\/www.viktoriamitte.de\/?page_id=29717"},"modified":"2025-10-08T13:43:46","modified_gmt":"2025-10-08T11:43:46","slug":"vikicampus","status":"publish","type":"page","link":"https:\/\/www.viktoriamitte.de\/fr\/vikicampus\/","title":{"rendered":"VikiCampus"},"content":{"rendered":"<div data-elementor-type=\"wp-page\" data-elementor-id=\"29717\" class=\"elementor elementor-29717\">\n\t\t\t\t\t\t<section class=\"elementor-section elementor-top-section elementor-element elementor-element-f815806 elementor-section-boxed elementor-section-height-default elementor-section-height-default\" data-id=\"f815806\" data-element_type=\"section\" data-e-type=\"section\">\n\t\t\t\t\t\t<div class=\"elementor-container elementor-column-gap-default\">\n\t\t\t\t\t<div class=\"elementor-column elementor-col-100 elementor-top-column elementor-element elementor-element-87f49d5\" data-id=\"87f49d5\" data-element_type=\"column\" data-e-type=\"column\">\n\t\t\t<div class=\"elementor-widget-wrap elementor-element-populated\">\n\t\t\t\t\t\t<div class=\"elementor-element elementor-element-aef50a9 elementor-widget elementor-widget-spacer\" data-id=\"aef50a9\" data-element_type=\"widget\" data-e-type=\"widget\" data-widget_type=\"spacer.default\">\n\t\t\t\t\t\t\t<div class=\"elementor-spacer\">\n\t\t\t<div class=\"elementor-spacer-inner\"><\/div>\n\t\t<\/div>\n\t\t\t\t\t\t<\/div>\n\t\t\t\t\t<\/div>\n\t\t<\/div>\n\t\t\t\t\t<\/div>\n\t\t<\/section>\n\t\t\t\t<section class=\"elementor-section elementor-top-section elementor-element elementor-element-0fc6761 elementor-section-boxed elementor-section-height-default elementor-section-height-default\" data-id=\"0fc6761\" data-element_type=\"section\" data-e-type=\"section\">\n\t\t\t\t\t\t<div class=\"elementor-container elementor-column-gap-default\">\n\t\t\t\t\t<div class=\"elementor-column elementor-col-100 elementor-top-column elementor-element elementor-element-998e52f\" data-id=\"998e52f\" data-element_type=\"column\" data-e-type=\"column\">\n\t\t\t<div class=\"elementor-widget-wrap elementor-element-populated\">\n\t\t\t\t\t\t<div class=\"elementor-element elementor-element-800f60b elementor-widget elementor-widget-heading\" data-id=\"800f60b\" data-element_type=\"widget\" data-e-type=\"widget\" data-widget_type=\"heading.default\">\n\t\t\t\t\t<h2 class=\"elementor-heading-title elementor-size-large\">VikiCampus<\/h2>\t\t\t\t<\/div>\n\t\t\t\t\t<\/div>\n\t\t<\/div>\n\t\t\t\t\t<\/div>\n\t\t<\/section>\n\t\t\t\t<section class=\"elementor-section elementor-top-section elementor-element elementor-element-adf4616 elementor-section-boxed elementor-section-height-default elementor-section-height-default\" data-id=\"adf4616\" data-element_type=\"section\" data-e-type=\"section\">\n\t\t\t\t\t\t<div class=\"elementor-container elementor-column-gap-default\">\n\t\t\t\t\t<div class=\"elementor-column elementor-col-100 elementor-top-column elementor-element elementor-element-bc404d6\" data-id=\"bc404d6\" data-element_type=\"column\" data-e-type=\"column\">\n\t\t\t<div class=\"elementor-widget-wrap elementor-element-populated\">\n\t\t\t\t\t\t<div class=\"elementor-element elementor-element-d031af0 elementor-widget elementor-widget-spacer\" data-id=\"d031af0\" data-element_type=\"widget\" data-e-type=\"widget\" data-widget_type=\"spacer.default\">\n\t\t\t\t\t\t\t<div class=\"elementor-spacer\">\n\t\t\t<div class=\"elementor-spacer-inner\"><\/div>\n\t\t<\/div>\n\t\t\t\t\t\t<\/div>\n\t\t\t\t<div class=\"elementor-element elementor-element-3986008 elementor-widget elementor-widget-spacer\" data-id=\"3986008\" data-element_type=\"widget\" data-e-type=\"widget\" data-widget_type=\"spacer.default\">\n\t\t\t\t\t\t\t<div class=\"elementor-spacer\">\n\t\t\t<div class=\"elementor-spacer-inner\"><\/div>\n\t\t<\/div>\n\t\t\t\t\t\t<\/div>\n\t\t\t\t\t<\/div>\n\t\t<\/div>\n\t\t\t\t\t<\/div>\n\t\t<\/section>\n\t\t\t\t<section class=\"elementor-section elementor-top-section elementor-element elementor-element-eac8dca elementor-section-boxed elementor-section-height-default elementor-section-height-default\" data-id=\"eac8dca\" data-element_type=\"section\" data-e-type=\"section\">\n\t\t\t\t\t\t<div class=\"elementor-container elementor-column-gap-default\">\n\t\t\t\t\t<div class=\"elementor-column elementor-col-50 elementor-top-column elementor-element elementor-element-b9b672f\" data-id=\"b9b672f\" data-element_type=\"column\" data-e-type=\"column\">\n\t\t\t<div class=\"elementor-widget-wrap elementor-element-populated\">\n\t\t\t\t\t\t<section class=\"elementor-section elementor-inner-section elementor-element elementor-element-0409c35 elementor-section-boxed elementor-section-height-default elementor-section-height-default\" data-id=\"0409c35\" data-element_type=\"section\" data-e-type=\"section\">\n\t\t\t\t\t\t<div class=\"elementor-container elementor-column-gap-default\">\n\t\t\t\t\t<div class=\"elementor-column elementor-col-100 elementor-inner-column elementor-element elementor-element-01c77b5\" data-id=\"01c77b5\" data-element_type=\"column\" data-e-type=\"column\">\n\t\t\t<div class=\"elementor-widget-wrap elementor-element-populated\">\n\t\t\t\t\t\t<div class=\"elementor-element elementor-element-45bf35c elementor-widget__width-initial elementor-widget elementor-widget-text-editor\" data-id=\"45bf35c\" data-element_type=\"widget\" data-e-type=\"widget\" data-widget_type=\"text-editor.default\">\n\t\t\t\t\t\t\t\t\t<h2 style=\"text-align: center;\">Un espace pour une vie active<\/h2>\t\t\t\t\t\t\t\t<\/div>\n\t\t\t\t<div class=\"elementor-element elementor-element-7ff7cfc elementor-widget__width-initial elementor-widget elementor-widget-text-editor\" data-id=\"7ff7cfc\" data-element_type=\"widget\" data-e-type=\"widget\" data-widget_type=\"text-editor.default\">\n\t\t\t\t\t\t\t\t\t<p>Sur le site sportif de la Behmstra\u00dfe 29, nous, le SV Rot-Wei\u00df Viktoria Mitte 08 e.V., souhaitons construire un b\u00e2timent appel\u00e9 \u00ab VikiCampus \u00bb, sous le toit duquel s\u2019ouvrira durablement \u00e0 l\u2019ensemble des habitants du quartier une offre vari\u00e9e \u00e0 forte dimension sociale, alliant sport, sant\u00e9, int\u00e9gration et \u00e9ducation.\nLe VikiCampus \u2013 un campus sportif et de quartier \u2013 constitue une extension de l\u2019infrastructure locale et sera dot\u00e9 d\u2019offres \u00e0 vocation socio-int\u00e9grative et de promotion de la sant\u00e9.\u00a0<span style=\"font-size: 18px; color: var( --e-global-color-text ); letter-spacing: -0.6px;\">*<\/span><\/p><p><span style=\"font-size: 18px; color: var( --e-global-color-text ); letter-spacing: -0.6px;\">Ces offres comprennent des services publics pouvant \u00eatre utilis\u00e9s de mani\u00e8re transversale. Le financement du VikiCampus est envisag\u00e9 gr\u00e2ce \u00e0 des fonds du Land issus du programme r\u00e9gional \u00ab Mesures d\u2019infrastructure sociale dans les quartiers socialement d\u00e9favoris\u00e9s \u00e0 partir de 2021 \u00bb.\u00a0<\/span><span style=\"font-size: 18px; color: var( --e-global-color-text ); letter-spacing: -0.6px;\">\u00a0<\/span><\/p>\t\t\t\t\t\t\t\t<\/div>\n\t\t\t\t\t<\/div>\n\t\t<\/div>\n\t\t\t\t\t<\/div>\n\t\t<\/section>\n\t\t\t\t<section class=\"elementor-section elementor-inner-section elementor-element elementor-element-614cd59 elementor-section-boxed elementor-section-height-default elementor-section-height-default\" data-id=\"614cd59\" data-element_type=\"section\" data-e-type=\"section\">\n\t\t\t\t\t\t<div class=\"elementor-container elementor-column-gap-default\">\n\t\t\t\t\t<div class=\"elementor-column elementor-col-100 elementor-inner-column elementor-element elementor-element-2745f8c\" data-id=\"2745f8c\" data-element_type=\"column\" data-e-type=\"column\">\n\t\t\t<div class=\"elementor-widget-wrap elementor-element-populated\">\n\t\t\t\t\t\t<div class=\"elementor-element elementor-element-027a730 elementor-widget__width-initial elementor-widget elementor-widget-text-editor\" data-id=\"027a730\" data-element_type=\"widget\" data-e-type=\"widget\" data-widget_type=\"text-editor.default\">\n\t\t\t\t\t\t\t\t\t<h2 style=\"text-align: center;\">Notre approche : le sport et le mouvement \u2013\nd\u00e8s le d\u00e9but de la vie\u2026\nun accompagnement tout au long d\u2019une vie en mouvement\u2026\nm\u00eame dans les p\u00e9riodes difficiles\u2026<br \/><b>\u00a0<\/b><br \/><b>\u00a0<\/b><br \/>\u00a0<\/h2>\t\t\t\t\t\t\t\t<\/div>\n\t\t\t\t\t<\/div>\n\t\t<\/div>\n\t\t\t\t\t<\/div>\n\t\t<\/section>\n\t\t\t\t<section class=\"elementor-section elementor-inner-section elementor-element elementor-element-6fc1381 elementor-section-boxed elementor-section-height-default elementor-section-height-default\" data-id=\"6fc1381\" data-element_type=\"section\" data-e-type=\"section\">\n\t\t\t\t\t\t<div class=\"elementor-container elementor-column-gap-default\">\n\t\t\t\t\t<div class=\"elementor-column elementor-col-100 elementor-inner-column elementor-element elementor-element-221c99b\" data-id=\"221c99b\" data-element_type=\"column\" data-e-type=\"column\">\n\t\t\t<div class=\"elementor-widget-wrap elementor-element-populated\">\n\t\t\t\t\t\t<div class=\"elementor-element elementor-element-8f9a663 elementor-widget__width-initial elementor-widget elementor-widget-text-editor\" data-id=\"8f9a663\" data-element_type=\"widget\" data-e-type=\"widget\" data-widget_type=\"text-editor.default\">\n\t\t\t\t\t\t\t\t\t<p style=\"text-align: left;\">Con\u00e7ues pour toutes les tranches d\u2019\u00e2ge \u2013 du nourrisson jusqu\u2019aux personnes tr\u00e8s \u00e2g\u00e9es \u2013 les offres du VikiCampus s\u2019adressent de mani\u00e8re cibl\u00e9e aux jeunes comme aux plus \u00e2g\u00e9s, l\u00e0 o\u00f9 le sport et le mouvement sont n\u00e9cessaires et souhait\u00e9s pour promouvoir l\u2019inclusion sociale et une sant\u00e9 durable.<br \/>\u00a0<br \/>\u00a0\u00a0<\/p><p style=\"text-align: left;\">L\u2019int\u00e9gration ainsi que la sant\u00e9 physique et mentale sont, en fin de compte, des facteurs essentiels pour la participation sociale, la r\u00e9ussite professionnelle et une vie autonome dans une soci\u00e9t\u00e9 d\u00e9mocratique.\u00a0<span style=\"font-size: 18px; color: var( --e-global-color-text );\">\u00a0\u00a0<\/span><span style=\"font-size: 18px; color: var( --e-global-color-text );\">\u00a0\u00a0<\/span><\/p>\t\t\t\t\t\t\t\t<\/div>\n\t\t\t\t\t<\/div>\n\t\t<\/div>\n\t\t\t\t\t<\/div>\n\t\t<\/section>\n\t\t\t\t<section class=\"elementor-section elementor-inner-section elementor-element elementor-element-8e30327 elementor-section-boxed elementor-section-height-default elementor-section-height-default\" data-id=\"8e30327\" data-element_type=\"section\" data-e-type=\"section\">\n\t\t\t\t\t\t<div class=\"elementor-container elementor-column-gap-default\">\n\t\t\t\t\t<div class=\"elementor-column elementor-col-100 elementor-inner-column elementor-element elementor-element-ca43719\" data-id=\"ca43719\" data-element_type=\"column\" data-e-type=\"column\">\n\t\t\t<div class=\"elementor-widget-wrap elementor-element-populated\">\n\t\t\t\t\t\t<div class=\"elementor-element elementor-element-5d9f9f2 elementor-widget elementor-widget-text-editor\" data-id=\"5d9f9f2\" data-element_type=\"widget\" data-e-type=\"widget\" data-widget_type=\"text-editor.default\">\n\t\t\t\t\t\t\t\t\t<h2 style=\"text-align: center;\">Nouveaux projets : centre de quartier \u00ab VikiWe \u00bb, cr\u00e8che inclusive \u00ab VikiKi \u00bb, programme de soutien scolaire \u00ab Lernbooster \u00bb, terrain de sport \u00e9cologique \u00ab FlowMe \u00bb, centre de sant\u00e9 et de r\u00e9\u00e9ducation avec sport pour le bien-\u00eatre mental, ainsi que de nombreuses nouvelles offres sportives et coop\u00e9rations dans le quartier.<\/h2>\t\t\t\t\t\t\t\t<\/div>\n\t\t\t\t\t<\/div>\n\t\t<\/div>\n\t\t\t\t\t<\/div>\n\t\t<\/section>\n\t\t\t\t<section class=\"elementor-section elementor-inner-section elementor-element elementor-element-9e19a76 elementor-section-boxed elementor-section-height-default elementor-section-height-default\" data-id=\"9e19a76\" data-element_type=\"section\" data-e-type=\"section\">\n\t\t\t\t\t\t<div class=\"elementor-container elementor-column-gap-default\">\n\t\t\t\t\t<div class=\"elementor-column elementor-col-100 elementor-inner-column elementor-element elementor-element-e3b7ef2\" data-id=\"e3b7ef2\" data-element_type=\"column\" data-e-type=\"column\">\n\t\t\t<div class=\"elementor-widget-wrap elementor-element-populated\">\n\t\t\t\t\t\t<div class=\"elementor-element elementor-element-18789c5 elementor-widget__width-initial elementor-widget elementor-widget-text-editor\" data-id=\"18789c5\" data-element_type=\"widget\" data-e-type=\"widget\" data-widget_type=\"text-editor.default\">\n\t\t\t\t\t\t\t\t\t<p style=\"text-align: left;\">Nos offres \u00e9tablissent en grande partie un lien entre activit\u00e9 physique, sant\u00e9, int\u00e9gration et \u00e9ducation, dans une perspective de d\u00e9veloppement personnel.<\/p>\n<p style=\"text-align: left;\">Elles offrent ainsi une base solide pour une collaboration, parfois tout au long de la vie, entre les personnes et le club. Notre VikiCampus cr\u00e9e un r\u00e9seau flexible de possibilit\u00e9s, dans lequel chacun peut bouger, se rencontrer et se d\u00e9velopper.\nL\u2019objectif est d\u2019offrir \u00e0 chacun la possibilit\u00e9 de construire sa vie de mani\u00e8re autonome et positive, encore et toujours.<\/p>\t\t\t\t\t\t\t\t<\/div>\n\t\t\t\t\t<\/div>\n\t\t<\/div>\n\t\t\t\t\t<\/div>\n\t\t<\/section>\n\t\t\t\t\t<\/div>\n\t\t<\/div>\n\t\t\t\t<div class=\"elementor-column elementor-col-50 elementor-top-column elementor-element elementor-element-afb554c\" data-id=\"afb554c\" data-element_type=\"column\" data-e-type=\"column\">\n\t\t\t<div class=\"elementor-widget-wrap elementor-element-populated\">\n\t\t\t\t\t\t<div class=\"elementor-element elementor-element-e905ed9 elementor-widget__width-initial elementor-widget elementor-widget-image\" data-id=\"e905ed9\" data-element_type=\"widget\" data-e-type=\"widget\" data-widget_type=\"image.default\">\n\t\t\t\t\t\t\t\t\t\t\t\t<figure class=\"wp-caption\">\n\t\t\t\t\t\t\t\t\t\t\t<a href=\"https:\/\/www.viktoriamitte.de\/wp-content\/uploads\/2024\/10\/VikiCampus_Konzept_4.5.20.pdf\" target=\"_blank\">\n\t\t\t\t\t\t\t<img fetchpriority=\"high\" decoding=\"async\" width=\"669\" height=\"748\" src=\"https:\/\/www.viktoriamitte.de\/wp-content\/uploads\/2024\/10\/VikiCampus_Startseite.webp\" class=\"attachment-large size-large wp-image-29719\" alt=\"\" srcset=\"https:\/\/www.viktoriamitte.de\/wp-content\/uploads\/2024\/10\/VikiCampus_Startseite.webp 669w, https:\/\/www.viktoriamitte.de\/wp-content\/uploads\/2024\/10\/VikiCampus_Startseite-268x300.webp 268w\" sizes=\"(max-width: 669px) 100vw, 669px\" \/>\t\t\t\t\t\t\t\t<\/a>\n\t\t\t\t\t\t\t\t\t\t\t<figcaption class=\"widget-image-caption wp-caption-text\">Le concept du VikiCampus<\/figcaption>\n\t\t\t\t\t\t\t\t\t\t<\/figure>\n\t\t\t\t\t\t\t\t\t<\/div>\n\t\t\t\t\t<\/div>\n\t\t<\/div>\n\t\t\t\t\t<\/div>\n\t\t<\/section>\n\t\t\t\t<section class=\"elementor-section elementor-top-section elementor-element elementor-element-b1db620 elementor-section-boxed elementor-section-height-default elementor-section-height-default\" data-id=\"b1db620\" data-element_type=\"section\" data-e-type=\"section\">\n\t\t\t\t\t\t<div class=\"elementor-container elementor-column-gap-default\">\n\t\t\t\t\t<div class=\"elementor-column elementor-col-100 elementor-top-column elementor-element elementor-element-de58daa\" data-id=\"de58daa\" data-element_type=\"column\" data-e-type=\"column\">\n\t\t\t<div class=\"elementor-widget-wrap elementor-element-populated\">\n\t\t\t\t\t\t<div class=\"elementor-element elementor-element-c2c62e1 elementor-widget elementor-widget-spacer\" data-id=\"c2c62e1\" data-element_type=\"widget\" data-e-type=\"widget\" data-widget_type=\"spacer.default\">\n\t\t\t\t\t\t\t<div class=\"elementor-spacer\">\n\t\t\t<div class=\"elementor-spacer-inner\"><\/div>\n\t\t<\/div>\n\t\t\t\t\t\t<\/div>\n\t\t\t\t\t<\/div>\n\t\t<\/div>\n\t\t\t\t\t<\/div>\n\t\t<\/section>\n\t\t\t\t<section class=\"elementor-section elementor-top-section elementor-element elementor-element-2f44829 elementor-section-boxed elementor-section-height-default elementor-section-height-default\" data-id=\"2f44829\" data-element_type=\"section\" data-e-type=\"section\">\n\t\t\t\t\t\t<div class=\"elementor-container elementor-column-gap-default\">\n\t\t\t\t\t<div class=\"elementor-column elementor-col-25 elementor-top-column elementor-element elementor-element-4c54680\" data-id=\"4c54680\" data-element_type=\"column\" data-e-type=\"column\">\n\t\t\t<div class=\"elementor-widget-wrap elementor-element-populated\">\n\t\t\t\t\t\t<div class=\"elementor-element elementor-element-a776613 elementor-widget elementor-widget-image\" data-id=\"a776613\" data-element_type=\"widget\" data-e-type=\"widget\" data-widget_type=\"image.default\">\n\t\t\t\t\t\t\t\t\t\t\t\t\t\t\t<img decoding=\"async\" src=\"https:\/\/www.viktoriamitte.de\/wp-content\/uploads\/elementor\/thumbs\/de-v-kofinanziert-von-der-europaeischen-union_rgb-rcwkjt9e86xmwrpg8eylbljl3bsur1orq2wq9ymkik.webp\" title=\"Print\" alt=\"Print\" loading=\"lazy\" \/>\t\t\t\t\t\t\t\t\t\t\t\t\t\t\t<\/div>\n\t\t\t\t\t<\/div>\n\t\t<\/div>\n\t\t\t\t<div class=\"elementor-column elementor-col-25 elementor-top-column elementor-element elementor-element-b802e8f\" data-id=\"b802e8f\" data-element_type=\"column\" data-e-type=\"column\">\n\t\t\t<div class=\"elementor-widget-wrap elementor-element-populated\">\n\t\t\t\t\t\t<div class=\"elementor-element elementor-element-969aea2 elementor-widget elementor-widget-image\" data-id=\"969aea2\" data-element_type=\"widget\" data-e-type=\"widget\" data-widget_type=\"image.default\">\n\t\t\t\t\t\t\t\t\t\t\t\t\t\t\t<img decoding=\"async\" width=\"300\" height=\"116\" src=\"https:\/\/www.viktoriamitte.de\/wp-content\/uploads\/2025\/04\/eq-europa-im-quartier-logo-cmyk-002-300x116.webp\" class=\"attachment-medium size-medium wp-image-31494\" alt=\"\" srcset=\"https:\/\/www.viktoriamitte.de\/wp-content\/uploads\/2025\/04\/eq-europa-im-quartier-logo-cmyk-002-300x116.webp 300w, https:\/\/www.viktoriamitte.de\/wp-content\/uploads\/2025\/04\/eq-europa-im-quartier-logo-cmyk-002-1024x396.webp 1024w, https:\/\/www.viktoriamitte.de\/wp-content\/uploads\/2025\/04\/eq-europa-im-quartier-logo-cmyk-002-768x297.webp 768w, https:\/\/www.viktoriamitte.de\/wp-content\/uploads\/2025\/04\/eq-europa-im-quartier-logo-cmyk-002.webp 1500w\" sizes=\"(max-width: 300px) 100vw, 300px\" \/>\t\t\t\t\t\t\t\t\t\t\t\t\t\t\t<\/div>\n\t\t\t\t\t<\/div>\n\t\t<\/div>\n\t\t\t\t<div class=\"elementor-column elementor-col-25 elementor-top-column elementor-element elementor-element-b1521b0\" data-id=\"b1521b0\" data-element_type=\"column\" data-e-type=\"column\">\n\t\t\t<div class=\"elementor-widget-wrap elementor-element-populated\">\n\t\t\t\t\t\t<div class=\"elementor-element elementor-element-2c35caa elementor-widget__width-initial elementor-widget elementor-widget-image\" data-id=\"2c35caa\" data-element_type=\"widget\" data-e-type=\"widget\" data-widget_type=\"image.default\">\n\t\t\t\t\t\t\t\t\t\t\t\t\t\t\t<img decoding=\"async\" src=\"https:\/\/www.viktoriamitte.de\/wp-content\/uploads\/elementor\/thumbs\/Wort-Bild-Marke_StBF_farbe_jpg-rcwkefmn4bklhxdxcw72hb74qn8g9oxmg4slilxf2m.webp\" title=\"Wort-Bild-Marke_StBF_farbe_jpg\" alt=\"Wort-Bild-Marke_StBF_farbe_jpg\" loading=\"lazy\" \/>\t\t\t\t\t\t\t\t\t\t\t\t\t\t\t<\/div>\n\t\t\t\t\t<\/div>\n\t\t<\/div>\n\t\t\t\t<div class=\"elementor-column elementor-col-25 elementor-top-column elementor-element elementor-element-5b72752\" data-id=\"5b72752\" data-element_type=\"column\" data-e-type=\"column\">\n\t\t\t<div class=\"elementor-widget-wrap elementor-element-populated\">\n\t\t\t\t\t\t<div class=\"elementor-element elementor-element-4751b94 elementor-widget elementor-widget-image\" data-id=\"4751b94\" data-element_type=\"widget\" data-e-type=\"widget\" data-widget_type=\"image.default\">\n\t\t\t\t\t\t\t\t\t\t\t\t\t\t\t<img decoding=\"async\" src=\"https:\/\/www.viktoriamitte.de\/wp-content\/uploads\/elementor\/thumbs\/B_SEN_SBW_Logo_DE_V_PW_RGB-rcwkg6lvo04v1dvjpn3qu0y1oxk2qv4h4bm5rn75jk.webp\" title=\"B_SEN_SBW_Logo_DE_V_PW_RGB\" alt=\"B_SEN_SBW_Logo_DE_V_PW_RGB\" loading=\"lazy\" \/>\t\t\t\t\t\t\t\t\t\t\t\t\t\t\t<\/div>\n\t\t\t\t\t<\/div>\n\t\t<\/div>\n\t\t\t\t\t<\/div>\n\t\t<\/section>\n\t\t\t\t<section class=\"elementor-section elementor-top-section elementor-element elementor-element-32ae941 elementor-section-boxed elementor-section-height-default elementor-section-height-default\" data-id=\"32ae941\" data-element_type=\"section\" data-e-type=\"section\">\n\t\t\t\t\t\t<div class=\"elementor-container elementor-column-gap-default\">\n\t\t\t\t\t<div class=\"elementor-column elementor-col-100 elementor-top-column elementor-element elementor-element-4d54646\" data-id=\"4d54646\" data-element_type=\"column\" data-e-type=\"column\">\n\t\t\t<div class=\"elementor-widget-wrap elementor-element-populated\">\n\t\t\t\t\t\t<div class=\"elementor-element elementor-element-0e2a5d8 elementor-widget elementor-widget-text-editor\" data-id=\"0e2a5d8\" data-element_type=\"widget\" data-e-type=\"widget\" data-widget_type=\"text-editor.default\">\n\t\t\t\t\t\t\t\t\t<p>Ce projet est financ\u00e9 par des fonds du programme Fonds europ\u00e9en de d\u00e9veloppement r\u00e9gional (FEDER)<br \/>ainsi que par le programme de d\u00e9veloppement urbain \u00ab Coh\u00e9sion sociale \u00bb (SZ).<\/p>\t\t\t\t\t\t\t\t<\/div>\n\t\t\t\t\t<\/div>\n\t\t<\/div>\n\t\t\t\t\t<\/div>\n\t\t<\/section>\n\t\t\t\t<\/div>","protected":false},"excerpt":{"rendered":"<p>VikiCampus Ein Haus f\u00fcr ein bewegtes Leben Auf der Sportanlage Behmstrasse 29 m\u00f6chten\u00a0wir, der SV Rot-Wei\u00df Viktoria Mitte 08 e.V., ein Geb\u00e4ude namens \u201eVikiCampus\u201c bauen, unter dessen Dach sich ALLEN Menschen des Einzugsgebiets eine gesellschaftsrelevante Angebotspalette aus Sport in Verbindung mit\u00a0Gesundheit, Integration und Bildung langfristig er\u00f6ffnet. Der VikiCampus \u2013 ein Sport und\u00a0 KiezCampus &#8211; stellt [&hellip;]<\/p>\n","protected":false},"author":5,"featured_media":0,"parent":0,"menu_order":0,"comment_status":"closed","ping_status":"closed","template":"","meta":{"ocean_post_layout":"","ocean_both_sidebars_style":"","ocean_both_sidebars_content_width":0,"ocean_both_sidebars_sidebars_width":0,"ocean_sidebar":"0","ocean_second_sidebar":"0","ocean_disable_margins":"enable","ocean_add_body_class":"","ocean_shortcode_before_top_bar":"","ocean_shortcode_after_top_bar":"","ocean_shortcode_before_header":"","ocean_shortcode_after_header":"","ocean_has_shortcode":"","ocean_shortcode_after_title":"","ocean_shortcode_before_footer_widgets":"","ocean_shortcode_after_footer_widgets":"","ocean_shortcode_before_footer_bottom":"","ocean_shortcode_after_footer_bottom":"","ocean_display_top_bar":"default","ocean_display_header":"default","ocean_header_style":"","ocean_center_header_left_menu":"0","ocean_custom_header_template":"0","ocean_custom_logo":0,"ocean_custom_retina_logo":0,"ocean_custom_logo_max_width":0,"ocean_custom_logo_tablet_max_width":0,"ocean_custom_logo_mobile_max_width":0,"ocean_custom_logo_max_height":0,"ocean_custom_logo_tablet_max_height":0,"ocean_custom_logo_mobile_max_height":0,"ocean_header_custom_menu":"0","ocean_menu_typo_font_family":"0","ocean_menu_typo_font_subset":"","ocean_menu_typo_font_size":0,"ocean_menu_typo_font_size_tablet":0,"ocean_menu_typo_font_size_mobile":0,"ocean_menu_typo_font_size_unit":"px","ocean_menu_typo_font_weight":"","ocean_menu_typo_font_weight_tablet":"","ocean_menu_typo_font_weight_mobile":"","ocean_menu_typo_transform":"","ocean_menu_typo_transform_tablet":"","ocean_menu_typo_transform_mobile":"","ocean_menu_typo_line_height":0,"ocean_menu_typo_line_height_tablet":0,"ocean_menu_typo_line_height_mobile":0,"ocean_menu_typo_line_height_unit":"","ocean_menu_typo_spacing":0,"ocean_menu_typo_spacing_tablet":0,"ocean_menu_typo_spacing_mobile":0,"ocean_menu_typo_spacing_unit":"","ocean_menu_link_color":"","ocean_menu_link_color_hover":"","ocean_menu_link_color_active":"","ocean_menu_link_background":"","ocean_menu_link_hover_background":"","ocean_menu_link_active_background":"","ocean_menu_social_links_bg":"","ocean_menu_social_hover_links_bg":"","ocean_menu_social_links_color":"","ocean_menu_social_hover_links_color":"","ocean_disable_title":"default","ocean_disable_heading":"default","ocean_post_title":"","ocean_post_subheading":"","ocean_post_title_style":"","ocean_post_title_background_color":"","ocean_post_title_background":0,"ocean_post_title_bg_image_position":"","ocean_post_title_bg_image_attachment":"","ocean_post_title_bg_image_repeat":"","ocean_post_title_bg_image_size":"","ocean_post_title_height":0,"ocean_post_title_bg_overlay":0.5,"ocean_post_title_bg_overlay_color":"","ocean_disable_breadcrumbs":"default","ocean_breadcrumbs_color":"","ocean_breadcrumbs_separator_color":"","ocean_breadcrumbs_links_color":"","ocean_breadcrumbs_links_hover_color":"","ocean_display_footer_widgets":"default","ocean_display_footer_bottom":"default","ocean_custom_footer_template":"0","footnotes":""},"class_list":["post-29717","page","type-page","status-publish","hentry","entry"],"_links":{"self":[{"href":"https:\/\/www.viktoriamitte.de\/fr\/wp-json\/wp\/v2\/pages\/29717","targetHints":{"allow":["GET"]}}],"collection":[{"href":"https:\/\/www.viktoriamitte.de\/fr\/wp-json\/wp\/v2\/pages"}],"about":[{"href":"https:\/\/www.viktoriamitte.de\/fr\/wp-json\/wp\/v2\/types\/page"}],"author":[{"embeddable":true,"href":"https:\/\/www.viktoriamitte.de\/fr\/wp-json\/wp\/v2\/users\/5"}],"replies":[{"embeddable":true,"href":"https:\/\/www.viktoriamitte.de\/fr\/wp-json\/wp\/v2\/comments?post=29717"}],"version-history":[{"count":34,"href":"https:\/\/www.viktoriamitte.de\/fr\/wp-json\/wp\/v2\/pages\/29717\/revisions"}],"predecessor-version":[{"id":32184,"href":"https:\/\/www.viktoriamitte.de\/fr\/wp-json\/wp\/v2\/pages\/29717\/revisions\/32184"}],"wp:attachment":[{"href":"https:\/\/www.viktoriamitte.de\/fr\/wp-json\/wp\/v2\/media?parent=29717"}],"curies":[{"name":"wp","href":"https:\/\/api.w.org\/{rel}","templated":true}]}}