{"id":1567,"date":"2020-08-19T08:45:42","date_gmt":"2020-08-19T06:45:42","guid":{"rendered":"https:\/\/www.viktoriamitte.de\/flowmetest\/wordpress\/?page_id=1567"},"modified":"2020-08-19T09:59:09","modified_gmt":"2020-08-19T07:59:09","slug":"schuh-spenden","status":"publish","type":"page","link":"https:\/\/www.viktoriamitte.de\/en_gb\/schuh-spenden\/","title":{"rendered":"Schuh-Spenden"},"content":{"rendered":"<div data-elementor-type=\"wp-page\" data-elementor-id=\"1567\" class=\"elementor elementor-1567\">\n\t\t\t\t\t\t<section class=\"elementor-section elementor-top-section elementor-element elementor-element-d822ac5 elementor-section-boxed elementor-section-height-default elementor-section-height-default\" data-id=\"d822ac5\" data-element_type=\"section\" data-e-type=\"section\">\n\t\t\t\t\t\t<div class=\"elementor-container elementor-column-gap-default\">\n\t\t\t\t\t<div class=\"elementor-column elementor-col-100 elementor-top-column elementor-element elementor-element-de561e6\" data-id=\"de561e6\" data-element_type=\"column\" data-e-type=\"column\">\n\t\t\t<div class=\"elementor-widget-wrap elementor-element-populated\">\n\t\t\t\t\t\t<div class=\"elementor-element elementor-element-44bc201 elementor-widget elementor-widget-image\" data-id=\"44bc201\" data-element_type=\"widget\" data-e-type=\"widget\" data-widget_type=\"image.default\">\n\t\t\t\t\t\t\t\t\t\t\t\t\t\t\t<img decoding=\"async\" src=\"https:\/\/www.viktoriamitte.de\/flowmetest\/wordpress\/wp-content\/uploads\/2020\/08\/Schutauschboerse_Viktoria_Mitte.jpg\" title=\"\" alt=\"\" loading=\"lazy\" \/>\t\t\t\t\t\t\t\t\t\t\t\t\t\t\t<\/div>\n\t\t\t\t<div class=\"elementor-element elementor-element-d79cf40 elementor-widget elementor-widget-heading\" data-id=\"d79cf40\" data-element_type=\"widget\" data-e-type=\"widget\" data-widget_type=\"heading.default\">\n\t\t\t\t\t<h2 class=\"elementor-heading-title elementor-size-default\">Schuh-Spenden<\/h2>\t\t\t\t<\/div>\n\t\t\t\t<div class=\"elementor-element elementor-element-1c734df elementor-widget elementor-widget-text-editor\" data-id=\"1c734df\" data-element_type=\"widget\" data-e-type=\"widget\" data-widget_type=\"text-editor.default\">\n\t\t\t\t\t\t\t\t\t<h6 class=\"vikihaus\">Nachhaltigkeit st\u00e4rken, sozial engagieren\u2026<\/h6><p>Nachdem wir in den vergangenen Jahren sehr gut erhaltene Sportausr\u00fcstung nach Gambia und Mosambik gesendet haben, um Sportprojekte vor Ort zu unterst\u00fctzen, hat uns die Abteilung \u201eIntegration durch Sport\u201c unseres Landessportbundes gebeten, hiesige Projekte mit einer \u00e4hnlichen Aktion zu unterst\u00fctzen.<span id=\"more-13182\"><\/span><\/p><p>Daher bitten wir Euch, gebrauchte und nicht mehr ben\u00f6tigte Sportschuhe zu spenden! Alles soll sozial benachteiligten Kindern und Erwachsenen zugute kommen, welche in den kostenfreien Fu\u00dfballschulen des Landessportbundes aktiv sind. Die gro\u00dfe Mehrheit dieser Sportler und Sportlerinnen haben Fluchterfahrung und ben\u00f6tigen immer noch unsere<br \/>aktive solidarische Unterst\u00fctzung!<\/p><p>Die Schuh-Spenden k\u00f6nnen t\u00e4glich von 08:30 Uhr bis 20:00 Uhr im Vikihaus (Wattstrasse 5 \/ 13355 Berlin) und 08:30 Uhr bis 16:00 Uhr in unserem kleinen B\u00fcro (F\u00fcrstenbergerstrasse 12 \/ 10435 Berlin) abgegeben werden.<\/p>\t\t\t\t\t\t\t\t<\/div>\n\t\t\t\t\t<\/div>\n\t\t<\/div>\n\t\t\t\t\t<\/div>\n\t\t<\/section>\n\t\t\t\t<\/div>","protected":false},"excerpt":{"rendered":"<p>Schuh-Spenden Nachhaltigkeit st\u00e4rken, sozial engagieren\u2026 Nachdem wir in den vergangenen Jahren sehr gut erhaltene Sportausr\u00fcstung nach Gambia und Mosambik gesendet haben, um Sportprojekte vor Ort zu unterst\u00fctzen, hat uns die Abteilung \u201eIntegration durch Sport\u201c unseres Landessportbundes gebeten, hiesige Projekte mit einer \u00e4hnlichen Aktion zu unterst\u00fctzen. Daher bitten wir Euch, gebrauchte und nicht mehr ben\u00f6tigte Sportschuhe [&hellip;]<\/p>\n","protected":false},"author":1,"featured_media":0,"parent":0,"menu_order":0,"comment_status":"closed","ping_status":"closed","template":"","meta":{"ocean_post_layout":"","ocean_both_sidebars_style":"","ocean_both_sidebars_content_width":0,"ocean_both_sidebars_sidebars_width":0,"ocean_sidebar":"sidebar-2","ocean_second_sidebar":"0","ocean_disable_margins":"enable","ocean_add_body_class":"","ocean_shortcode_before_top_bar":"","ocean_shortcode_after_top_bar":"","ocean_shortcode_before_header":"","ocean_shortcode_after_header":"","ocean_has_shortcode":"","ocean_shortcode_after_title":"","ocean_shortcode_before_footer_widgets":"","ocean_shortcode_after_footer_widgets":"","ocean_shortcode_before_footer_bottom":"","ocean_shortcode_after_footer_bottom":"","ocean_display_top_bar":"default","ocean_display_header":"default","ocean_header_style":"","ocean_center_header_left_menu":"0","ocean_custom_header_template":"0","ocean_custom_logo":0,"ocean_custom_retina_logo":0,"ocean_custom_logo_max_width":0,"ocean_custom_logo_tablet_max_width":0,"ocean_custom_logo_mobile_max_width":0,"ocean_custom_logo_max_height":0,"ocean_custom_logo_tablet_max_height":0,"ocean_custom_logo_mobile_max_height":0,"ocean_header_custom_menu":"0","ocean_menu_typo_font_family":"0","ocean_menu_typo_font_subset":"","ocean_menu_typo_font_size":0,"ocean_menu_typo_font_size_tablet":0,"ocean_menu_typo_font_size_mobile":0,"ocean_menu_typo_font_size_unit":"px","ocean_menu_typo_font_weight":"","ocean_menu_typo_font_weight_tablet":"","ocean_menu_typo_font_weight_mobile":"","ocean_menu_typo_transform":"","ocean_menu_typo_transform_tablet":"","ocean_menu_typo_transform_mobile":"","ocean_menu_typo_line_height":0,"ocean_menu_typo_line_height_tablet":0,"ocean_menu_typo_line_height_mobile":0,"ocean_menu_typo_line_height_unit":"","ocean_menu_typo_spacing":0,"ocean_menu_typo_spacing_tablet":0,"ocean_menu_typo_spacing_mobile":0,"ocean_menu_typo_spacing_unit":"","ocean_menu_link_color":"","ocean_menu_link_color_hover":"","ocean_menu_link_color_active":"","ocean_menu_link_background":"","ocean_menu_link_hover_background":"","ocean_menu_link_active_background":"","ocean_menu_social_links_bg":"","ocean_menu_social_hover_links_bg":"","ocean_menu_social_links_color":"","ocean_menu_social_hover_links_color":"","ocean_disable_title":"default","ocean_disable_heading":"default","ocean_post_title":"","ocean_post_subheading":"","ocean_post_title_style":"","ocean_post_title_background_color":"","ocean_post_title_background":0,"ocean_post_title_bg_image_position":"","ocean_post_title_bg_image_attachment":"","ocean_post_title_bg_image_repeat":"","ocean_post_title_bg_image_size":"","ocean_post_title_height":0,"ocean_post_title_bg_overlay":0.5,"ocean_post_title_bg_overlay_color":"","ocean_disable_breadcrumbs":"default","ocean_breadcrumbs_color":"","ocean_breadcrumbs_separator_color":"","ocean_breadcrumbs_links_color":"","ocean_breadcrumbs_links_hover_color":"","ocean_display_footer_widgets":"default","ocean_display_footer_bottom":"default","ocean_custom_footer_template":"0","footnotes":""},"class_list":["post-1567","page","type-page","status-publish","hentry","entry"],"_links":{"self":[{"href":"https:\/\/www.viktoriamitte.de\/en_gb\/wp-json\/wp\/v2\/pages\/1567","targetHints":{"allow":["GET"]}}],"collection":[{"href":"https:\/\/www.viktoriamitte.de\/en_gb\/wp-json\/wp\/v2\/pages"}],"about":[{"href":"https:\/\/www.viktoriamitte.de\/en_gb\/wp-json\/wp\/v2\/types\/page"}],"author":[{"embeddable":true,"href":"https:\/\/www.viktoriamitte.de\/en_gb\/wp-json\/wp\/v2\/users\/1"}],"replies":[{"embeddable":true,"href":"https:\/\/www.viktoriamitte.de\/en_gb\/wp-json\/wp\/v2\/comments?post=1567"}],"version-history":[{"count":3,"href":"https:\/\/www.viktoriamitte.de\/en_gb\/wp-json\/wp\/v2\/pages\/1567\/revisions"}],"predecessor-version":[{"id":1593,"href":"https:\/\/www.viktoriamitte.de\/en_gb\/wp-json\/wp\/v2\/pages\/1567\/revisions\/1593"}],"wp:attachment":[{"href":"https:\/\/www.viktoriamitte.de\/en_gb\/wp-json\/wp\/v2\/media?parent=1567"}],"curies":[{"name":"wp","href":"https:\/\/api.w.org\/{rel}","templated":true}]}}