{"id":4377,"date":"2021-03-09T13:57:57","date_gmt":"2021-03-09T12:57:57","guid":{"rendered":"https:\/\/www.viktoriamitte.de\/content2020\/?page_id=4377"},"modified":"2025-07-02T11:31:33","modified_gmt":"2025-07-02T09:31:33","slug":"trainerwerden","status":"publish","type":"page","link":"https:\/\/www.viktoriamitte.de\/en\/trainerwerden\/","title":{"rendered":"Trainer werden"},"content":{"rendered":"<div data-elementor-type=\"wp-page\" data-elementor-id=\"4377\" class=\"elementor elementor-4377\">\n\t\t\t\t\t\t<section class=\"elementor-section elementor-top-section elementor-element elementor-element-19339bb elementor-section-boxed elementor-section-height-default elementor-section-height-default\" data-id=\"19339bb\" data-element_type=\"section\" data-e-type=\"section\" data-settings=\"{&quot;background_background&quot;:&quot;classic&quot;}\">\n\t\t\t\t\t\t<div class=\"elementor-container elementor-column-gap-default\">\n\t\t\t\t\t<div class=\"elementor-column elementor-col-100 elementor-top-column elementor-element elementor-element-d8e6466\" data-id=\"d8e6466\" data-element_type=\"column\" data-e-type=\"column\">\n\t\t\t<div class=\"elementor-widget-wrap elementor-element-populated\">\n\t\t\t\t\t\t<div class=\"elementor-element elementor-element-00b7184 elementor-widget elementor-widget-spacer\" data-id=\"00b7184\" data-element_type=\"widget\" data-e-type=\"widget\" data-widget_type=\"spacer.default\">\n\t\t\t\t\t\t\t<div class=\"elementor-spacer\">\n\t\t\t<div class=\"elementor-spacer-inner\"><\/div>\n\t\t<\/div>\n\t\t\t\t\t\t<\/div>\n\t\t\t\t<div class=\"elementor-element elementor-element-66edfb4 elementor-widget elementor-widget-heading\" data-id=\"66edfb4\" data-element_type=\"widget\" data-e-type=\"widget\" data-widget_type=\"heading.default\">\n\t\t\t\t\t<h1 class=\"elementor-heading-title elementor-size-default\">Werde Trainer\/in bei uns! <\/h1>\t\t\t\t<\/div>\n\t\t\t\t<div class=\"elementor-element elementor-element-661f8c8 elementor-widget elementor-widget-text-editor\" data-id=\"661f8c8\" data-element_type=\"widget\" data-e-type=\"widget\" data-widget_type=\"text-editor.default\">\n\t\t\t\t\t\t\t\t\t<p>Der Sport ist Deine Leidenschaft und Du m\u00f6chtest Dein Fachwissen weitergeben?<\/p>\n<p>Dann werde \u00dcbungsleiter*in bei Viktoria Mitte! F\u00fcr unser vielf\u00e4ltiges Sportangebot suchen wir laufend nach begeisterten Sportler*innen, die sich bei uns engagieren m\u00f6chten. Wir bieten eine angemessene Aufwandsentsch\u00e4digung, stellen Trainingskleidung und -materialen und bieten M\u00f6glichkeiten zum Lizenzerwerb und zur Weiterbildung.<\/p>\n<p>Klingt gut? Dann bewirb Dich mithilfe des folgenden Formulars, wir freuen uns auf Dich!<\/p>\n<p>Gibt es Deine Sportart noch nicht bei uns? Gar kein Problem, wir sind jederzeit offen f\u00fcr neue Sportangebote. Schreibe einfach eine Mail an&nbsp;<a class=\"moz-txt-link-abbreviated\" href=\"mailto:info@viktoriamitte.de\"><b><u>info@viktoriamitte.de<\/u><\/b><\/a>&nbsp;und stelle uns Deine Idee vor.<\/p>\n<p>\u00dcbungsleiter*in m\u00fcssen bei uns verpflichtend ein aktuelles <strong>erweitertes F\u00fchrungszeugnis<\/strong> vorlegen. Wir verlangen alle zwei Jahre ein aktuelles erweitertes F\u00fchrungszeugnis von allen Menschen, die f\u00fcr uns t\u00e4tig sind. Dies ist ein fester Teil unseres Kinderschutzkonzeptes (<a href=\"https:\/\/www.viktoriamitte.de\/en\/kinderschutz\/\"><strong>siehe Kinderschutz<\/strong><\/a>). Wenn Du f\u00fcr uns als \u00dcbungsleiter*in t\u00e4tig bist, stellen wir Dir zur kostenlosen Beantragung eines erweiterten F\u00fchrungszeugnisses einen Nachweis aus.<\/p>\n<p>Hier der Link zur Beantragung eines erweiterten F\u00fchrungszeugnisses: <a href=\"https:\/\/www.berlin.de\/buergeraktiv\/unterstuetzung\/fuehrungszeugnis-1485199.php\"><strong>Beantragung erweitertes F\u00fchrungszeugnis<\/strong><\/a><\/p>\t\t\t\t\t\t\t\t<\/div>\n\t\t\t\t\t<\/div>\n\t\t<\/div>\n\t\t\t\t\t<\/div>\n\t\t<\/section>\n\t\t\t\t<section class=\"elementor-section elementor-top-section elementor-element elementor-element-70af26a elementor-section-boxed elementor-section-height-default elementor-section-height-default\" data-id=\"70af26a\" data-element_type=\"section\" data-e-type=\"section\" data-settings=\"{&quot;background_background&quot;:&quot;classic&quot;}\">\n\t\t\t\t\t\t<div class=\"elementor-container elementor-column-gap-default\">\n\t\t\t\t\t<div class=\"elementor-column elementor-col-100 elementor-top-column elementor-element elementor-element-118c2bf\" data-id=\"118c2bf\" data-element_type=\"column\" data-e-type=\"column\">\n\t\t\t<div class=\"elementor-widget-wrap elementor-element-populated\">\n\t\t\t\t\t\t<div class=\"elementor-element elementor-element-d57d4d6 elementor-widget elementor-widget-htmega-contactform-addons\" data-id=\"d57d4d6\" data-element_type=\"widget\" data-e-type=\"widget\" data-widget_type=\"htmega-contactform-addons.default\">\n\t\t\t\t<div class=\"elementor-widget-container\">\n\t\t\t\t\t            <div class=\"htmega-form-wrapper sidd57d4d6 htmega-form-style-4\" >\n                \n<div class=\"wpcf7 no-js\" id=\"wpcf7-f4476-o1\" lang=\"de-DE\" dir=\"ltr\" data-wpcf7-id=\"4476\">\n<div class=\"screen-reader-response\"><p role=\"status\" aria-live=\"polite\" aria-atomic=\"true\"><\/p> <ul><\/ul><\/div>\n<form action=\"\/en\/wp-json\/wp\/v2\/pages\/4377#wpcf7-f4476-o1\" method=\"post\" class=\"wpcf7-form init\" aria-label=\"Contact form\" novalidate=\"novalidate\" data-status=\"init\" data-trp-original-action=\"\/en\/wp-json\/wp\/v2\/pages\/4377#wpcf7-f4476-o1\">\n<fieldset class=\"hidden-fields-container\"><input type=\"hidden\" name=\"_wpcf7\" value=\"4476\" \/><input type=\"hidden\" name=\"_wpcf7_version\" value=\"6.1.5\" \/><input type=\"hidden\" name=\"_wpcf7_locale\" value=\"de_DE\" \/><input type=\"hidden\" name=\"_wpcf7_unit_tag\" value=\"wpcf7-f4476-o1\" \/><input type=\"hidden\" name=\"_wpcf7_container_post\" value=\"0\" \/><input type=\"hidden\" name=\"_wpcf7_posted_data_hash\" value=\"\" \/>\n<\/fieldset>\n<p><label> Name<br \/>\n<span class=\"wpcf7-form-control-wrap\" data-name=\"Vorname\"><input size=\"40\" maxlength=\"400\" class=\"wpcf7-form-control wpcf7-text wpcf7-validates-as-required\" aria-required=\"true\" aria-invalid=\"false\" value=\"\" type=\"text\" name=\"Vorname\" \/><\/span> <\/label>\n<\/p>\n<p><label> Surname<br \/>\n<span class=\"wpcf7-form-control-wrap\" data-name=\"Nachname\"><input size=\"40\" maxlength=\"400\" class=\"wpcf7-form-control wpcf7-text wpcf7-validates-as-required\" aria-required=\"true\" aria-invalid=\"false\" value=\"\" type=\"text\" name=\"Nachname\" \/><\/span> <\/label>\n<\/p>\n<p><label> Gender<br \/>\n<span class=\"wpcf7-form-control-wrap\" data-name=\"geschlecht\"><select class=\"wpcf7-form-control wpcf7-select wpcf7-validates-as-required\" aria-required=\"true\" aria-invalid=\"false\" name=\"geschlecht\"><option value=\"\">&#8211; Bitte ausw\u00e4hlen &#8211;<\/option><option value=\"m\u00e4nnlich\">m\u00e4nnlich<\/option><option value=\"weiblich\">weiblich<\/option><option value=\"divers\">divers<\/option><\/select><\/span> <\/label>\n<\/p>\n<p><label> Email Address<br \/>\n<span class=\"wpcf7-form-control-wrap\" data-name=\"your-email\"><input size=\"40\" maxlength=\"400\" class=\"wpcf7-form-control wpcf7-email wpcf7-validates-as-required wpcf7-text wpcf7-validates-as-email\" aria-required=\"true\" aria-invalid=\"false\" value=\"\" type=\"email\" name=\"your-email\" \/><\/span> <\/label>\n<\/p>\n<p><label> Choice of Field<br \/>\n<span class=\"wpcf7-form-control-wrap\" data-name=\"Abteilung\"><select class=\"wpcf7-form-control wpcf7-select wpcf7-validates-as-required\" aria-required=\"true\" aria-invalid=\"false\" name=\"Abteilung\"><option value=\"\">&#8211; Bitte ausw\u00e4hlen &#8211;<\/option><option value=\"Fu\u00dfball\">Football<\/option><option value=\"Badminton\">Badminton<\/option><option value=\"Ballett\">Ballet<\/option><option value=\"Basketball\">Basketball<\/option><option value=\"Bewegungsschulung\">Movement Training<\/option><option value=\"Boxen\">Boxing<\/option><option value=\"Eltern-Kind-Turnen\">Parent &amp; Child Movement<\/option><option value=\"Eltern-Kind-Yoga\">Eltern-Kind-Yoga<\/option><option value=\"Fitness\">Fitness<\/option><option value=\"Kung Fu\">Kung Fu<\/option><option value=\"Malen\">Art<\/option><option value=\"Pilates\">Pilates<\/option><option value=\"Qi Gong\">Qi Gong<\/option><option value=\"R\u00fcckenfit\">Back &amp; Core<\/option><option value=\"Schwimmen\">Swimming<\/option><option value=\"Tanzen\">Dance<\/option><option value=\"Turnen\">Gymnastics<\/option><option value=\"Volleyball\">Volleyball<\/option><option value=\"Yoga\">Yoga<\/option><option value=\"Zumba\">Zumba<\/option><\/select><\/span> <\/label>\n<\/p>\n<p><label> Geburtsdatum (Pflichtfeld) <\/label><br \/>\n<span class=\"wpcf7-form-control-wrap\" data-name=\"date-421\"><input class=\"wpcf7-form-control wpcf7-date wpcf7-validates-as-required wpcf7-validates-as-date\" min=\"1930-01-01\" max=\"2070-12-31\" aria-required=\"true\" aria-invalid=\"false\" value=\"\" type=\"date\" name=\"date-421\" \/><\/span>\n<\/p>\n<p><label> Telephone number<br \/>\n<span class=\"wpcf7-form-control-wrap\" data-name=\"tel-904\"><input size=\"40\" maxlength=\"400\" class=\"wpcf7-form-control wpcf7-tel wpcf7-text wpcf7-validates-as-tel\" aria-invalid=\"false\" value=\"\" type=\"tel\" name=\"tel-904\" \/><\/span> <\/label>\n<\/p>\n<p><label> Previous Experience?<br \/>\n<span class=\"wpcf7-form-control-wrap\" data-name=\"Vorerfahrung\"><select class=\"wpcf7-form-control wpcf7-select wpcf7-validates-as-required\" aria-required=\"true\" aria-invalid=\"false\" name=\"Vorerfahrung\"><option value=\"\">&#8211; Bitte ausw\u00e4hlen &#8211;<\/option><option value=\"Ja\">Ja<\/option><option value=\"Nein\">Nein<\/option><\/select><\/span> <\/label>\n<\/p>\n<p><label> Where have you trained before? (optional)<br \/>\n<span class=\"wpcf7-form-control-wrap\" data-name=\"Vorerfahrung2\"><input size=\"40\" maxlength=\"400\" class=\"wpcf7-form-control wpcf7-text\" aria-invalid=\"false\" value=\"\" type=\"text\" name=\"Vorerfahrung2\" \/><\/span> <\/label>\n<\/p>\n<p><label> Woher kennst Du uns? (Pflichtfeld)<br \/>\n<span class=\"wpcf7-form-control-wrap\" data-name=\"menu-989\"><select class=\"wpcf7-form-control wpcf7-select\" aria-invalid=\"false\" name=\"menu-989\"><option value=\"\">&#8211; Bitte ausw\u00e4hlen &#8211;<\/option><option value=\"Webseite\">Webseite<\/option><option value=\"Flyer\">Flyer<\/option><option value=\"Social Media\">Social Media<\/option><option value=\"Newsletter\">Newsletter<\/option><option value=\"Empfehlung durch Bekannte\">Empfehlung durch Bekannte<\/option><\/select><\/span> <\/label>\n<\/p>\n<p><label> Additional information? (optional)<br \/>\n<span class=\"wpcf7-form-control-wrap\" data-name=\"WeitereInformationen\"><input size=\"40\" maxlength=\"400\" class=\"wpcf7-form-control wpcf7-text\" aria-invalid=\"false\" value=\"\" type=\"text\" name=\"WeitereInformationen\" \/><\/span> <\/label>\n<\/p>\n<p><input class=\"wpcf7-form-control wpcf7-submit has-spinner\" type=\"submit\" value=\"Send\" \/>\n<\/p><div class=\"wpcf7-response-output\" aria-hidden=\"true\"><\/div>\n<input type=\"hidden\" name=\"trp-form-language\" value=\"en\"\/><\/form>\n<\/div>\n            <\/div>\n\n\n        \t\t\t\t<\/div>\n\t\t\t\t<\/div>\n\t\t\t\t\t<\/div>\n\t\t<\/div>\n\t\t\t\t\t<\/div>\n\t\t<\/section>\n\t\t\t\t<\/div>","protected":false},"excerpt":{"rendered":"<p>Werde Trainer\/in bei uns! Der Sport ist Deine Leidenschaft und Du m\u00f6chtest Dein Fachwissen weitergeben? Dann werde \u00dcbungsleiter*in bei Viktoria Mitte! F\u00fcr unser vielf\u00e4ltiges Sportangebot suchen wir laufend nach begeisterten Sportler*innen, die sich bei uns engagieren m\u00f6chten. Wir bieten eine angemessene Aufwandsentsch\u00e4digung, stellen Trainingskleidung und -materialen und bieten M\u00f6glichkeiten zum Lizenzerwerb und zur Weiterbildung. Klingt [&hellip;]<\/p>\n","protected":false},"author":1,"featured_media":0,"parent":0,"menu_order":0,"comment_status":"closed","ping_status":"closed","template":"elementor_header_footer","meta":{"ocean_post_layout":"","ocean_both_sidebars_style":"","ocean_both_sidebars_content_width":0,"ocean_both_sidebars_sidebars_width":0,"ocean_sidebar":"0","ocean_second_sidebar":"0","ocean_disable_margins":"enable","ocean_add_body_class":"","ocean_shortcode_before_top_bar":"","ocean_shortcode_after_top_bar":"","ocean_shortcode_before_header":"","ocean_shortcode_after_header":"","ocean_has_shortcode":"","ocean_shortcode_after_title":"","ocean_shortcode_before_footer_widgets":"","ocean_shortcode_after_footer_widgets":"","ocean_shortcode_before_footer_bottom":"","ocean_shortcode_after_footer_bottom":"","ocean_display_top_bar":"default","ocean_display_header":"default","ocean_header_style":"","ocean_center_header_left_menu":"0","ocean_custom_header_template":"0","ocean_custom_logo":0,"ocean_custom_retina_logo":0,"ocean_custom_logo_max_width":0,"ocean_custom_logo_tablet_max_width":0,"ocean_custom_logo_mobile_max_width":0,"ocean_custom_logo_max_height":0,"ocean_custom_logo_tablet_max_height":0,"ocean_custom_logo_mobile_max_height":0,"ocean_header_custom_menu":"0","ocean_menu_typo_font_family":"0","ocean_menu_typo_font_subset":"","ocean_menu_typo_font_size":0,"ocean_menu_typo_font_size_tablet":0,"ocean_menu_typo_font_size_mobile":0,"ocean_menu_typo_font_size_unit":"px","ocean_menu_typo_font_weight":"","ocean_menu_typo_font_weight_tablet":"","ocean_menu_typo_font_weight_mobile":"","ocean_menu_typo_transform":"","ocean_menu_typo_transform_tablet":"","ocean_menu_typo_transform_mobile":"","ocean_menu_typo_line_height":0,"ocean_menu_typo_line_height_tablet":0,"ocean_menu_typo_line_height_mobile":0,"ocean_menu_typo_line_height_unit":"","ocean_menu_typo_spacing":0,"ocean_menu_typo_spacing_tablet":0,"ocean_menu_typo_spacing_mobile":0,"ocean_menu_typo_spacing_unit":"","ocean_menu_link_color":"","ocean_menu_link_color_hover":"","ocean_menu_link_color_active":"","ocean_menu_link_background":"","ocean_menu_link_hover_background":"","ocean_menu_link_active_background":"","ocean_menu_social_links_bg":"","ocean_menu_social_hover_links_bg":"","ocean_menu_social_links_color":"","ocean_menu_social_hover_links_color":"","ocean_disable_title":"on","ocean_disable_heading":"default","ocean_post_title":"","ocean_post_subheading":"","ocean_post_title_style":"","ocean_post_title_background_color":"","ocean_post_title_background":0,"ocean_post_title_bg_image_position":"","ocean_post_title_bg_image_attachment":"","ocean_post_title_bg_image_repeat":"","ocean_post_title_bg_image_size":"","ocean_post_title_height":0,"ocean_post_title_bg_overlay":0.5,"ocean_post_title_bg_overlay_color":"","ocean_disable_breadcrumbs":"default","ocean_breadcrumbs_color":"","ocean_breadcrumbs_separator_color":"","ocean_breadcrumbs_links_color":"","ocean_breadcrumbs_links_hover_color":"","ocean_display_footer_widgets":"default","ocean_display_footer_bottom":"default","ocean_custom_footer_template":"0","footnotes":""},"class_list":["post-4377","page","type-page","status-publish","hentry","entry"],"_links":{"self":[{"href":"https:\/\/www.viktoriamitte.de\/en\/wp-json\/wp\/v2\/pages\/4377","targetHints":{"allow":["GET"]}}],"collection":[{"href":"https:\/\/www.viktoriamitte.de\/en\/wp-json\/wp\/v2\/pages"}],"about":[{"href":"https:\/\/www.viktoriamitte.de\/en\/wp-json\/wp\/v2\/types\/page"}],"author":[{"embeddable":true,"href":"https:\/\/www.viktoriamitte.de\/en\/wp-json\/wp\/v2\/users\/1"}],"replies":[{"embeddable":true,"href":"https:\/\/www.viktoriamitte.de\/en\/wp-json\/wp\/v2\/comments?post=4377"}],"version-history":[{"count":40,"href":"https:\/\/www.viktoriamitte.de\/en\/wp-json\/wp\/v2\/pages\/4377\/revisions"}],"predecessor-version":[{"id":31737,"href":"https:\/\/www.viktoriamitte.de\/en\/wp-json\/wp\/v2\/pages\/4377\/revisions\/31737"}],"wp:attachment":[{"href":"https:\/\/www.viktoriamitte.de\/en\/wp-json\/wp\/v2\/media?parent=4377"}],"curies":[{"name":"wp","href":"https:\/\/api.w.org\/{rel}","templated":true}]}}