{"id":119,"date":"2020-07-16T14:18:04","date_gmt":"2020-07-16T12:18:04","guid":{"rendered":"https:\/\/www.viktoriamitte.de\/flowmetest\/wordpress\/?page_id=119"},"modified":"2021-01-28T13:09:36","modified_gmt":"2021-01-28T12:09:36","slug":"uberuns","status":"publish","type":"page","link":"https:\/\/www.viktoriamitte.de\/en\/uberuns\/","title":{"rendered":"About Us"},"content":{"rendered":"<div data-elementor-type=\"wp-page\" data-elementor-id=\"119\" class=\"elementor elementor-119\">\n\t\t\t\t\t\t<section class=\"elementor-section elementor-top-section elementor-element elementor-element-4c6e2c2c elementor-section-boxed elementor-section-height-default elementor-section-height-default\" data-id=\"4c6e2c2c\" data-element_type=\"section\" data-e-type=\"section\">\n\t\t\t\t\t\t<div class=\"elementor-container elementor-column-gap-default\">\n\t\t\t\t\t<div class=\"elementor-column elementor-col-50 elementor-top-column elementor-element elementor-element-7eecc3aa\" data-id=\"7eecc3aa\" data-element_type=\"column\" data-e-type=\"column\">\n\t\t\t<div class=\"elementor-widget-wrap elementor-element-populated\">\n\t\t\t\t\t\t<div class=\"elementor-element elementor-element-645263d7 elementor-widget elementor-widget-spacer\" data-id=\"645263d7\" data-element_type=\"widget\" data-e-type=\"widget\" data-widget_type=\"spacer.default\">\n\t\t\t\t\t\t\t<div class=\"elementor-spacer\">\n\t\t\t<div class=\"elementor-spacer-inner\"><\/div>\n\t\t<\/div>\n\t\t\t\t\t\t<\/div>\n\t\t\t\t<div class=\"elementor-element elementor-element-7a693c1d elementor-widget elementor-widget-image\" data-id=\"7a693c1d\" data-element_type=\"widget\" data-e-type=\"widget\" data-widget_type=\"image.default\">\n\t\t\t\t\t\t\t\t\t\t\t\t\t\t\t<img decoding=\"async\" src=\"https:\/\/www.viktoriamitte.de\/flowmetest\/wordpress\/wp-content\/uploads\/2020\/07\/\u00dcber-uns.png\" title=\"\" alt=\"\" loading=\"lazy\" \/>\t\t\t\t\t\t\t\t\t\t\t\t\t\t\t<\/div>\n\t\t\t\t<div class=\"elementor-element elementor-element-4c8b10b2 elementor-widget elementor-widget-heading\" data-id=\"4c8b10b2\" data-element_type=\"widget\" data-e-type=\"widget\" data-widget_type=\"heading.default\">\n\t\t\t\t\t<h2 class=\"elementor-heading-title elementor-size-default\">Wer wir sind<\/h2>\t\t\t\t<\/div>\n\t\t\t\t<div class=\"elementor-element elementor-element-34098d7d elementor-widget elementor-widget-text-editor\" data-id=\"34098d7d\" data-element_type=\"widget\" data-e-type=\"widget\" data-widget_type=\"text-editor.default\">\n\t\t\t\t\t\t\t\t\t<p>Unser gemeinn\u00fctziger Sportverein SV Rot-Wei\u00df Viktoria Mitte 08 e.V. wurde2008 gegr\u00fcndet. Heute z\u00e4hlt er bereits \u00fcber 2.700 aktive Mitglieder,die w\u00f6chentlich unser vielf\u00e4ltiges Sportangebot nutzen. Derzeit werden\u00fcber 65 Mannschaften trainiert, mehr als 175 Trainings- und Kursangebotewerden jede Woche \u00fcberwiegend von ehrenamtlichen TrainernInnengeleitet. Dabei legen wir gro\u00dfen Wert auf die Qualifikation undWeiterbildung aller Menschen, die f\u00fcr und mit uns arbeiten.Besondersam Herzen liegen uns die Kinder- und Jugendabteilungen.<\/p><p>Schon ab einem Alter von nur einem Jahr k\u00f6nnen Kleinkinder bei uns mit derBewegungsschulung anfangen. Unsere Fu\u00dfballabteilung bildet denMittelpunkt des Vereins und ist bereits die drittgr\u00f6\u00dfte im Kinder- undJugendbereich bundesweit.Aber nicht nur Kinder und Jugendlichewerden bei uns gef\u00f6rdert, auch Menschen in jeder Altersklasse k\u00f6nnensich bei uns sportlich bet\u00e4tigen. Wir bieten f\u00fcr alle Altersstufen einabwechslungsreiches Sportprogramm.<\/p><p>Durch unsere geographischeLage an der Grenze zwischen den Altbezirken Mitte und Wedding haben ausden unterschiedlichsten L\u00e4ndern der Welt stammende Menschen in unseremVerein ein sportliches Zuhause gefunden. Wir sind stolz darauf, Menschenaus \u00fcber 85 verschiedenen Kulturen in unserem Verein vereinen zud\u00fcrfen. Auch unsere ehrenamtlichen MitarbeiterInnen stammen aus \u00fcber 30unterschiedlichen Nationen.Viele Sportveranstaltungen und Vereinsfeste sind nicht nur f\u00fcr die Mitglieder von Viktoria Mittezug\u00e4nglich. Auch Nachbarn, Freunde und Menschen aus ganz Berlin habendie M\u00f6glichkeit, sich hier zu treffen und auszutauschen. Andere zuverstehen ist immer ein Lernerfolg f\u00fcr die eigene Pers\u00f6nlichkeit.<\/p><p>Das Miteinander auf und neben den Sportanlagen ist in unsererVereinsphilosophie tief verwurzelt.Unser VikiHaus gibt uns allengenau daf\u00fcr mehr Raum. Es wurde 2018 er\u00f6ffnet und ist ein Sport- undBegegnungszentrum, ein offenes Haus, das die Themen Gesundheit,Integration, Bildung und Umwelt mit dem Sport verbindet. Umgesetzt vomSV Rot-Wei\u00df Viktoria Mitte 08 e.V. mit gro\u00dfartiger Unterst\u00fctzung desQuartiersmanagements Brunnenviertel-Ackerstrasse steht unser VikiHausden Menschen und Initiativen im Viertel offen. Im VikiTreff findenAktionen, Projekte, Sport-Caf\u00e9s etc. f\u00fcr Mitglieder des Vereins undNichtmitglieder statt. Im VikiBewegungsraum gibt es sportliche undgesundheitliche Angebote, wie z.B. R\u00fcckenfit, f\u00fcr die umliegenden Kitas,f\u00fcr Schulen und Privatpersonen.<\/p>\t\t\t\t\t\t\t\t<\/div>\n\t\t\t\t\t<\/div>\n\t\t<\/div>\n\t\t\t\t<div class=\"elementor-column elementor-col-50 elementor-top-column elementor-element elementor-element-c32ff0b\" data-id=\"c32ff0b\" data-element_type=\"column\" data-e-type=\"column\">\n\t\t\t<div class=\"elementor-widget-wrap elementor-element-populated\">\n\t\t\t\t\t\t<div class=\"elementor-element elementor-element-06a38bc elementor-widget elementor-widget-spacer\" data-id=\"06a38bc\" data-element_type=\"widget\" data-e-type=\"widget\" data-widget_type=\"spacer.default\">\n\t\t\t\t\t\t\t<div class=\"elementor-spacer\">\n\t\t\t<div class=\"elementor-spacer-inner\"><\/div>\n\t\t<\/div>\n\t\t\t\t\t\t<\/div>\n\t\t\t\t<div class=\"elementor-element elementor-element-8dfd631 elementor-widget elementor-widget-image\" data-id=\"8dfd631\" data-element_type=\"widget\" data-e-type=\"widget\" data-widget_type=\"image.default\">\n\t\t\t\t\t\t\t\t\t\t\t\t\t\t\t<img fetchpriority=\"high\" decoding=\"async\" width=\"180\" height=\"300\" src=\"https:\/\/www.viktoriamitte.de\/wp-content\/uploads\/2020\/07\/DOSB_Logo_Button_Stuetzpunktverein_2019.webp\" class=\"attachment-large size-large wp-image-592\" alt=\"\" \/>\t\t\t\t\t\t\t\t\t\t\t\t\t\t\t<\/div>\n\t\t\t\t<div class=\"elementor-element elementor-element-8d8cbaf elementor-widget elementor-widget-image\" data-id=\"8d8cbaf\" data-element_type=\"widget\" data-e-type=\"widget\" data-widget_type=\"image.default\">\n\t\t\t\t\t\t\t\t\t\t\t\t\t\t\t<img decoding=\"async\" width=\"180\" height=\"100\" src=\"https:\/\/www.viktoriamitte.de\/wp-content\/uploads\/2020\/07\/kinderschutz.webp\" class=\"attachment-large size-large wp-image-593\" alt=\"\" \/>\t\t\t\t\t\t\t\t\t\t\t\t\t\t\t<\/div>\n\t\t\t\t<div class=\"elementor-element elementor-element-7887d57 elementor-widget elementor-widget-image\" data-id=\"7887d57\" data-element_type=\"widget\" data-e-type=\"widget\" data-widget_type=\"image.default\">\n\t\t\t\t\t\t\t\t\t\t\t\t\t\t\t<img decoding=\"async\" width=\"181\" height=\"130\" src=\"https:\/\/www.viktoriamitte.de\/wp-content\/uploads\/2020\/07\/schuhboerse.webp\" class=\"attachment-large size-large wp-image-594\" alt=\"\" \/>\t\t\t\t\t\t\t\t\t\t\t\t\t\t\t<\/div>\n\t\t\t\t<div class=\"elementor-element elementor-element-7fae1e3 elementor-widget elementor-widget-image\" data-id=\"7fae1e3\" data-element_type=\"widget\" data-e-type=\"widget\" data-widget_type=\"image.default\">\n\t\t\t\t\t\t\t\t\t\t\t\t\t\t\t<img decoding=\"async\" src=\"https:\/\/www.viktoriamitte.de\/flowmetest\/wordpress\/wp-content\/uploads\/2020\/07\/schule.jpg\" title=\"\" alt=\"\" loading=\"lazy\" \/>\t\t\t\t\t\t\t\t\t\t\t\t\t\t\t<\/div>\n\t\t\t\t<div class=\"elementor-element elementor-element-4c13bcf elementor-widget elementor-widget-image\" data-id=\"4c13bcf\" data-element_type=\"widget\" data-e-type=\"widget\" data-widget_type=\"image.default\">\n\t\t\t\t\t\t\t\t\t\t\t\t\t\t\t<img loading=\"lazy\" decoding=\"async\" width=\"180\" height=\"180\" src=\"https:\/\/www.viktoriamitte.de\/wp-content\/uploads\/2020\/07\/SV_RW_Viktoria_Mitte_08_Gold_180.webp\" class=\"attachment-large size-large wp-image-596\" alt=\"\" srcset=\"https:\/\/www.viktoriamitte.de\/wp-content\/uploads\/2020\/07\/SV_RW_Viktoria_Mitte_08_Gold_180.webp 180w, https:\/\/www.viktoriamitte.de\/wp-content\/uploads\/2020\/07\/SV_RW_Viktoria_Mitte_08_Gold_180-150x150.webp 150w\" sizes=\"(max-width: 180px) 100vw, 180px\" \/>\t\t\t\t\t\t\t\t\t\t\t\t\t\t\t<\/div>\n\t\t\t\t<div class=\"elementor-element elementor-element-1714abb elementor-widget elementor-widget-image\" data-id=\"1714abb\" data-element_type=\"widget\" data-e-type=\"widget\" data-widget_type=\"image.default\">\n\t\t\t\t\t\t\t\t\t\t\t\t\t\t\t<img decoding=\"async\" src=\"https:\/\/www.viktoriamitte.de\/flowmetest\/wordpress\/wp-content\/uploads\/2020\/07\/viki-2.jpg\" title=\"\" alt=\"\" loading=\"lazy\" \/>\t\t\t\t\t\t\t\t\t\t\t\t\t\t\t<\/div>\n\t\t\t\t\t<\/div>\n\t\t<\/div>\n\t\t\t\t\t<\/div>\n\t\t<\/section>\n\t\t\t\t<\/div>","protected":false},"excerpt":{"rendered":"<p>Wer wir sind Unser gemeinn\u00fctziger Sportverein SV Rot-Wei\u00df Viktoria Mitte 08 e.V. wurde2008 gegr\u00fcndet. Heute z\u00e4hlt er bereits \u00fcber 2.700 aktive Mitglieder,die w\u00f6chentlich unser vielf\u00e4ltiges Sportangebot nutzen. Derzeit werden\u00fcber 65 Mannschaften trainiert, mehr als 175 Trainings- und Kursangebotewerden jede Woche \u00fcberwiegend von ehrenamtlichen TrainernInnengeleitet. Dabei legen wir gro\u00dfen Wert auf die Qualifikation undWeiterbildung aller Menschen, [&hellip;]<\/p>\n","protected":false},"author":1,"featured_media":0,"parent":0,"menu_order":0,"comment_status":"closed","ping_status":"closed","template":"","meta":{"ocean_post_layout":"","ocean_both_sidebars_style":"","ocean_both_sidebars_content_width":0,"ocean_both_sidebars_sidebars_width":0,"ocean_sidebar":"sidebar","ocean_second_sidebar":"0","ocean_disable_margins":"enable","ocean_add_body_class":"","ocean_shortcode_before_top_bar":"","ocean_shortcode_after_top_bar":"","ocean_shortcode_before_header":"","ocean_shortcode_after_header":"","ocean_has_shortcode":"","ocean_shortcode_after_title":"","ocean_shortcode_before_footer_widgets":"","ocean_shortcode_after_footer_widgets":"","ocean_shortcode_before_footer_bottom":"","ocean_shortcode_after_footer_bottom":"","ocean_display_top_bar":"default","ocean_display_header":"default","ocean_header_style":"","ocean_center_header_left_menu":"0","ocean_custom_header_template":"0","ocean_custom_logo":0,"ocean_custom_retina_logo":0,"ocean_custom_logo_max_width":0,"ocean_custom_logo_tablet_max_width":0,"ocean_custom_logo_mobile_max_width":0,"ocean_custom_logo_max_height":0,"ocean_custom_logo_tablet_max_height":0,"ocean_custom_logo_mobile_max_height":0,"ocean_header_custom_menu":"0","ocean_menu_typo_font_family":"0","ocean_menu_typo_font_subset":"","ocean_menu_typo_font_size":0,"ocean_menu_typo_font_size_tablet":0,"ocean_menu_typo_font_size_mobile":0,"ocean_menu_typo_font_size_unit":"px","ocean_menu_typo_font_weight":"","ocean_menu_typo_font_weight_tablet":"","ocean_menu_typo_font_weight_mobile":"","ocean_menu_typo_transform":"","ocean_menu_typo_transform_tablet":"","ocean_menu_typo_transform_mobile":"","ocean_menu_typo_line_height":0,"ocean_menu_typo_line_height_tablet":0,"ocean_menu_typo_line_height_mobile":0,"ocean_menu_typo_line_height_unit":"","ocean_menu_typo_spacing":0,"ocean_menu_typo_spacing_tablet":0,"ocean_menu_typo_spacing_mobile":0,"ocean_menu_typo_spacing_unit":"","ocean_menu_link_color":"","ocean_menu_link_color_hover":"","ocean_menu_link_color_active":"","ocean_menu_link_background":"","ocean_menu_link_hover_background":"","ocean_menu_link_active_background":"","ocean_menu_social_links_bg":"","ocean_menu_social_hover_links_bg":"","ocean_menu_social_links_color":"","ocean_menu_social_hover_links_color":"","ocean_disable_title":"on","ocean_disable_heading":"default","ocean_post_title":"","ocean_post_subheading":"","ocean_post_title_style":"","ocean_post_title_background_color":"","ocean_post_title_background":0,"ocean_post_title_bg_image_position":"","ocean_post_title_bg_image_attachment":"","ocean_post_title_bg_image_repeat":"","ocean_post_title_bg_image_size":"","ocean_post_title_height":0,"ocean_post_title_bg_overlay":0.5,"ocean_post_title_bg_overlay_color":"","ocean_disable_breadcrumbs":"default","ocean_breadcrumbs_color":"","ocean_breadcrumbs_separator_color":"","ocean_breadcrumbs_links_color":"","ocean_breadcrumbs_links_hover_color":"","ocean_display_footer_widgets":"default","ocean_display_footer_bottom":"default","ocean_custom_footer_template":"0","footnotes":""},"class_list":["post-119","page","type-page","status-publish","hentry","entry"],"_links":{"self":[{"href":"https:\/\/www.viktoriamitte.de\/en\/wp-json\/wp\/v2\/pages\/119","targetHints":{"allow":["GET"]}}],"collection":[{"href":"https:\/\/www.viktoriamitte.de\/en\/wp-json\/wp\/v2\/pages"}],"about":[{"href":"https:\/\/www.viktoriamitte.de\/en\/wp-json\/wp\/v2\/types\/page"}],"author":[{"embeddable":true,"href":"https:\/\/www.viktoriamitte.de\/en\/wp-json\/wp\/v2\/users\/1"}],"replies":[{"embeddable":true,"href":"https:\/\/www.viktoriamitte.de\/en\/wp-json\/wp\/v2\/comments?post=119"}],"version-history":[{"count":26,"href":"https:\/\/www.viktoriamitte.de\/en\/wp-json\/wp\/v2\/pages\/119\/revisions"}],"predecessor-version":[{"id":4093,"href":"https:\/\/www.viktoriamitte.de\/en\/wp-json\/wp\/v2\/pages\/119\/revisions\/4093"}],"wp:attachment":[{"href":"https:\/\/www.viktoriamitte.de\/en\/wp-json\/wp\/v2\/media?parent=119"}],"curies":[{"name":"wp","href":"https:\/\/api.w.org\/{rel}","templated":true}]}}