{"id":4377,"date":"2021-03-09T13:57:57","date_gmt":"2021-03-09T12:57:57","guid":{"rendered":"https:\/\/www.viktoriamitte.de\/content2020\/?page_id=4377"},"modified":"2025-07-02T11:31:33","modified_gmt":"2025-07-02T09:31:33","slug":"trainerwerden","status":"publish","type":"page","link":"https:\/\/www.viktoriamitte.de\/ar\/trainerwerden\/","title":{"rendered":"Trainer werden"},"content":{"rendered":"<div data-elementor-type=\"wp-page\" data-elementor-id=\"4377\" class=\"elementor elementor-4377\">\n\t\t\t\t\t\t<section class=\"elementor-section elementor-top-section elementor-element elementor-element-19339bb elementor-section-boxed elementor-section-height-default elementor-section-height-default\" data-id=\"19339bb\" data-element_type=\"section\" data-e-type=\"section\" data-settings=\"{&quot;background_background&quot;:&quot;classic&quot;}\">\n\t\t\t\t\t\t<div class=\"elementor-container elementor-column-gap-default\">\n\t\t\t\t\t<div class=\"elementor-column elementor-col-100 elementor-top-column elementor-element elementor-element-d8e6466\" data-id=\"d8e6466\" data-element_type=\"column\" data-e-type=\"column\">\n\t\t\t<div class=\"elementor-widget-wrap elementor-element-populated\">\n\t\t\t\t\t\t<div class=\"elementor-element elementor-element-00b7184 elementor-widget elementor-widget-spacer\" data-id=\"00b7184\" data-element_type=\"widget\" data-e-type=\"widget\" data-widget_type=\"spacer.default\">\n\t\t\t\t\t\t\t<div class=\"elementor-spacer\">\n\t\t\t<div class=\"elementor-spacer-inner\"><\/div>\n\t\t<\/div>\n\t\t\t\t\t\t<\/div>\n\t\t\t\t<div class=\"elementor-element elementor-element-66edfb4 elementor-widget elementor-widget-heading\" data-id=\"66edfb4\" data-element_type=\"widget\" data-e-type=\"widget\" data-widget_type=\"heading.default\">\n\t\t\t\t\t<h1 class=\"elementor-heading-title elementor-size-default\">\u0643\u0646 \u0645\u062f\u0631\u0628\u064b\u0627\/\u0645\u062f\u0631\u0628\u0629 \u0644\u062f\u064a\u0646\u0627! <\/h1>\t\t\t\t<\/div>\n\t\t\t\t<div class=\"elementor-element elementor-element-661f8c8 elementor-widget elementor-widget-text-editor\" data-id=\"661f8c8\" data-element_type=\"widget\" data-e-type=\"widget\" data-widget_type=\"text-editor.default\">\n\t\t\t\t\t\t\t\t\t<p>\u0627\u0644\u0631\u064a\u0627\u0636\u0629 \u0634\u063a\u0641\u0643 \u0648\u062a\u0631\u063a\u0628 \u0641\u064a \u0645\u0634\u0627\u0631\u0643\u0629 \u062e\u0628\u0631\u062a\u0643\u061f<\/p>\n<p>\u0643\u0646 \u0645\u062f\u0631\u0628\u064b\u0627 \u0641\u064a \u0641\u064a\u0643\u062a\u0648\u0631\u064a\u0627 \u0645\u064a\u062a\u064a! \u0646\u0628\u062d\u062b \u0628\u0627\u0633\u062a\u0645\u0631\u0627\u0631 \u0639\u0646 \u0631\u064a\u0627\u0636\u064a\u064a\u0646 \u0645\u062a\u062d\u0645\u0633\u064a\u0646 \u0644\u0644\u0627\u0646\u0636\u0645\u0627\u0645 \u0625\u0644\u0649 \u0641\u0631\u064a\u0642\u0646\u0627 \u0627\u0644\u0631\u064a\u0627\u0636\u064a \u0627\u0644\u0645\u062a\u0646\u0648\u0639. \u0646\u0642\u062f\u0645 \u062a\u0639\u0648\u064a\u0636\u064b\u0627 \u0645\u0646\u0627\u0633\u0628\u064b\u0627 \u0639\u0646 \u0627\u0644\u0646\u0641\u0642\u0627\u062a\u060c \u0648\u0646\u0648\u0641\u0631 \u0645\u0644\u0627\u0628\u0633 \u0648\u0645\u0639\u062f\u0627\u062a \u062a\u062f\u0631\u064a\u0628\u060c \u0648\u0646\u0642\u062f\u0645 \u0641\u0631\u0635\u064b\u0627 \u0644\u0644\u062d\u0635\u0648\u0644 \u0639\u0644\u0649 \u0627\u0644\u062a\u0631\u0627\u062e\u064a\u0635 \u0648\u0627\u0644\u062a\u0637\u0648\u064a\u0631 \u0627\u0644\u0645\u0647\u0646\u064a.<\/p>\n<p>\u0647\u0644 \u062a\u0628\u062f\u0648 \u062c\u064a\u062f\u0629\u061f \u0642\u062f\u0645 \u0628\u0637\u0644\u0628\u0643 \u0628\u0627\u0633\u062a\u062e\u062f\u0627\u0645 \u0627\u0644\u0646\u0645\u0648\u0630\u062c \u0627\u0644\u062a\u0627\u0644\u064a\u060c \u0648\u0646\u062d\u0646 \u0646\u062a\u0637\u0644\u0639 \u0625\u0644\u064a\u0643!<\/p>\n<p>\u0647\u0644 \u0631\u064a\u0627\u0636\u062a\u0643 \u0644\u064a\u0633\u062a \u0645\u0648\u062c\u0648\u062f\u0629 \u0644\u062f\u064a\u0646\u0627 \u0628\u0639\u062f\u061f \u0644\u0627 \u0645\u0634\u0643\u0644\u0629 \u0639\u0644\u0649 \u0627\u0644\u0625\u0637\u0644\u0627\u0642\u060c \u0646\u062d\u0646 \u0645\u0646\u0641\u062a\u062d\u0648\u0646 \u062f\u0627\u0626\u0645\u064b\u0627 \u0639\u0644\u0649 \u0639\u0631\u0648\u0636 \u0631\u064a\u0627\u0636\u064a\u0629 \u062c\u062f\u064a\u062f\u0629. \u0641\u0642\u0637 \u0623\u0631\u0633\u0644 \u0628\u0631\u064a\u062f\u064b\u0627 \u0625\u0644\u0643\u062a\u0631\u0648\u0646\u064a\u064b\u0627 \u0625\u0644\u0649&nbsp;<a class=\"moz-txt-link-abbreviated\" href=\"mailto:info@viktoriamitte.de\"><b><u>info@viktoriamitte.de<\/u><\/b><\/a>&nbsp;\u0648\u0639\u0631\u0636 \u0639\u0644\u064a\u0643 \u0641\u0643\u0631\u062a\u0643.<\/p>\n<p>\u064a\u062c\u0628 \u0639\u0644\u0649 \u0645\u062f\u0631\u0628\u064a \u0627\u0644\u062a\u062f\u0631\u064a\u0628 \u0644\u062f\u064a\u0646\u0627 \u0628\u0634\u0643\u0644 \u0625\u0644\u0632\u0627\u0645\u064a \u0623\u0646 \u064a\u0643\u0648\u0646\u0648\u0627 \u062d\u0627\u0635\u0644\u064a\u0646 \u0639\u0644\u0649 <strong>\u0634\u0647\u0627\u062f\u0629 \u0628\u062d\u062b \u062c\u0646\u0627\u0626\u064a \u0645\u0648\u0633\u0639\u0629<\/strong> \u062a\u0642\u062f\u064a\u0645. \u0646\u0637\u0644\u0628 \u0634\u0647\u0627\u062f\u0629 \u062e\u062f\u0645\u0629 \u0645\u0648\u0633\u0639\u0629 \u0645\u062d\u062f\u062b\u0629 \u0643\u0644 \u0639\u0627\u0645\u064a\u0646 \u0645\u0646 \u062c\u0645\u064a\u0639 \u0627\u0644\u0623\u0634\u062e\u0627\u0635 \u0627\u0644\u0639\u0627\u0645\u0644\u064a\u0646 \u0644\u062f\u064a\u0646\u0627. \u0647\u0630\u0627 \u062c\u0632\u0621 \u062b\u0627\u0628\u062a \u0645\u0646 \u0645\u0641\u0647\u0648\u0645 \u062d\u0645\u0627\u064a\u0629 \u0627\u0644\u0637\u0641\u0644 \u0627\u0644\u062e\u0627\u0635 \u0628\u0646\u0627<a href=\"https:\/\/www.viktoriamitte.de\/ar\/kinderschutz\/\"><strong>\u0627\u0646\u0638\u0631 \u062d\u0645\u0627\u064a\u0629 \u0627\u0644\u0637\u0641\u0644<\/strong><\/a>\u0625\u0630\u0627 \u0643\u0646\u062a \u062a\u0639\u0645\u0644 \u0644\u062f\u064a\u0646\u0627 \u0643\u0642\u0627\u0626\u062f \u062a\u062f\u0631\u064a\u0628\u060c \u0633\u0646\u0642\u062f\u0645 \u0644\u0643 \u0634\u0647\u0627\u062f\u0629 \u0644\u0625\u062b\u0628\u0627\u062a \u0637\u0644\u0628\u0643 \u0644\u0644\u062d\u0635\u0648\u0644 \u0639\u0644\u0649 \u0634\u0647\u0627\u062f\u0629 \u0633\u062c\u0644 \u062c\u0646\u0627\u0626\u064a \u0645\u0648\u0633\u0639\u0629 \u0645\u062c\u0627\u0646\u064b\u0627.<\/p>\n<p>\u0625\u0644\u064a\u0643 \u0627\u0644\u0631\u0627\u0628\u0637 \u0644\u062a\u0642\u062f\u064a\u0645 \u0637\u0644\u0628 \u0644\u0644\u062d\u0635\u0648\u0644 \u0639\u0644\u0649 \u0634\u0647\u0627\u062f\u0629 \u062d\u0633\u0646 \u0633\u064a\u0631 \u0648\u0633\u0644\u0648\u0643 \u0645\u0648\u0633\u0639\u0629: <a href=\"https:\/\/www.berlin.de\/buergeraktiv\/unterstuetzung\/fuehrungszeugnis-1485199.php\"><strong>\u0637\u0644\u0628 \u0634\u0647\u0627\u062f\u0629 \u062d\u0633\u0646 \u0633\u064a\u0631\u0629 \u0648\u0633\u0644\u0648\u0643 \u0645\u0648\u0633\u0639\u0629<\/strong><\/a><\/p>\t\t\t\t\t\t\t\t<\/div>\n\t\t\t\t\t<\/div>\n\t\t<\/div>\n\t\t\t\t\t<\/div>\n\t\t<\/section>\n\t\t\t\t<section class=\"elementor-section elementor-top-section elementor-element elementor-element-70af26a elementor-section-boxed elementor-section-height-default elementor-section-height-default\" data-id=\"70af26a\" data-element_type=\"section\" data-e-type=\"section\" data-settings=\"{&quot;background_background&quot;:&quot;classic&quot;}\">\n\t\t\t\t\t\t<div class=\"elementor-container elementor-column-gap-default\">\n\t\t\t\t\t<div class=\"elementor-column elementor-col-100 elementor-top-column elementor-element elementor-element-118c2bf\" data-id=\"118c2bf\" data-element_type=\"column\" data-e-type=\"column\">\n\t\t\t<div class=\"elementor-widget-wrap elementor-element-populated\">\n\t\t\t\t\t\t<div class=\"elementor-element elementor-element-d57d4d6 elementor-widget elementor-widget-htmega-contactform-addons\" data-id=\"d57d4d6\" data-element_type=\"widget\" data-e-type=\"widget\" data-widget_type=\"htmega-contactform-addons.default\">\n\t\t\t\t<div class=\"elementor-widget-container\">\n\t\t\t\t\t            <div class=\"htmega-form-wrapper sidd57d4d6 htmega-form-style-4\" >\n                \n<div class=\"wpcf7 no-js\" id=\"wpcf7-f4476-o1\" lang=\"de-DE\" dir=\"ltr\" data-wpcf7-id=\"4476\">\n<div class=\"screen-reader-response\"><p role=\"status\" aria-live=\"polite\" aria-atomic=\"true\"><\/p> <ul><\/ul><\/div>\n<form action=\"\/ar\/wp-json\/wp\/v2\/pages\/4377#wpcf7-f4476-o1\" method=\"post\" class=\"wpcf7-form init\" aria-label=\"\u0646\u0645\u0648\u0630\u062c \u0627\u0644\u0627\u062a\u0635\u0627\u0644\" novalidate=\"novalidate\" data-status=\"init\" data-trp-original-action=\"\/ar\/wp-json\/wp\/v2\/pages\/4377#wpcf7-f4476-o1\">\n<fieldset class=\"hidden-fields-container\"><input type=\"hidden\" name=\"_wpcf7\" value=\"4476\" \/><input type=\"hidden\" name=\"_wpcf7_version\" value=\"6.1.5\" \/><input type=\"hidden\" name=\"_wpcf7_locale\" value=\"de_DE\" \/><input type=\"hidden\" name=\"_wpcf7_unit_tag\" value=\"wpcf7-f4476-o1\" \/><input type=\"hidden\" name=\"_wpcf7_container_post\" value=\"0\" \/><input type=\"hidden\" name=\"_wpcf7_posted_data_hash\" value=\"\" \/>\n<\/fieldset>\n<p><label> \u0627\u0644\u0627\u0633\u0645 \u0627\u0644\u0623\u0648\u0644 (\u062d\u0642\u0644 \u0625\u0644\u0632\u0627\u0645\u064a)<br \/>\n<span class=\"wpcf7-form-control-wrap\" data-name=\"Vorname\"><input size=\"40\" maxlength=\"400\" class=\"wpcf7-form-control wpcf7-text wpcf7-validates-as-required\" aria-required=\"true\" aria-invalid=\"false\" value=\"\" type=\"text\" name=\"Vorname\" \/><\/span> <\/label>\n<\/p>\n<p><label> \u0627\u0633\u0645 \u0627\u0644\u0639\u0627\u0626\u0644\u0629 (\u062d\u0642\u0644 \u0625\u0644\u0632\u0627\u0645\u064a)<br \/>\n<span class=\"wpcf7-form-control-wrap\" data-name=\"Nachname\"><input size=\"40\" maxlength=\"400\" class=\"wpcf7-form-control wpcf7-text wpcf7-validates-as-required\" aria-required=\"true\" aria-invalid=\"false\" value=\"\" type=\"text\" name=\"Nachname\" \/><\/span> <\/label>\n<\/p>\n<p><label> \u0627\u0644\u062c\u0646\u0633 (\u062d\u0642\u0644 \u0625\u0644\u0632\u0627\u0645\u064a)<br \/>\n<span class=\"wpcf7-form-control-wrap\" data-name=\"geschlecht\"><select class=\"wpcf7-form-control wpcf7-select wpcf7-validates-as-required\" aria-required=\"true\" aria-invalid=\"false\" name=\"geschlecht\"><option value=\"\">&#8211; Bitte ausw\u00e4hlen &#8211;<\/option><option value=\"m\u00e4nnlich\">\u0630\u0643\u0631<\/option><option value=\"weiblich\">\u0623\u0646\u062b\u0649<\/option><option value=\"divers\">\u063a\u0648\u0627\u0635\u0648\u0646<\/option><\/select><\/span> <\/label>\n<\/p>\n<p><label> \u0627\u0644\u0628\u0631\u064a\u062f \u0627\u0644\u0625\u0644\u0643\u062a\u0631\u0648\u0646\u064a (\u0645\u0637\u0644\u0648\u0628)<br \/>\n<span class=\"wpcf7-form-control-wrap\" data-name=\"your-email\"><input size=\"40\" maxlength=\"400\" class=\"wpcf7-form-control wpcf7-email wpcf7-validates-as-required wpcf7-text wpcf7-validates-as-email\" aria-required=\"true\" aria-invalid=\"false\" value=\"\" type=\"email\" name=\"your-email\" \/><\/span> <\/label>\n<\/p>\n<p><label> \u0642\u0633\u0645 (\u062d\u0642\u0644 \u0625\u0644\u0632\u0627\u0645\u064a)<br \/>\n<span class=\"wpcf7-form-control-wrap\" data-name=\"Abteilung\"><select class=\"wpcf7-form-control wpcf7-select wpcf7-validates-as-required\" aria-required=\"true\" aria-invalid=\"false\" name=\"Abteilung\"><option value=\"\">&#8211; Bitte ausw\u00e4hlen &#8211;<\/option><option value=\"Fu\u00dfball\">\u0643\u0631\u0629 \u0627\u0644\u0642\u062f\u0645<\/option><option value=\"Badminton\">\u0631\u064a\u0634\u0629 \u0627\u0644\u0637\u0627\u0626\u0631\u0629<\/option><option value=\"Ballett\">\u0628\u0627\u0644\u064a\u0647<\/option><option value=\"Basketball\">\u0643\u0631\u0629 \u0627\u0644\u0633\u0644\u0629<\/option><option value=\"Bewegungsschulung\">\u062a\u062f\u0631\u064a\u0628 \u0627\u0644\u062d\u0631\u0643\u0629<\/option><option value=\"Boxen\">\u0627\u0644\u0645\u0644\u0627\u0643\u0645\u0629<\/option><option value=\"Eltern-Kind-Turnen\">\u062c\u0645\u0628\u0627\u0632 \u0627\u0644\u0648\u0627\u0644\u062f\u064a\u0646 \u0648\u0627\u0644\u0637\u0641\u0644<\/option><option value=\"Eltern-Kind-Yoga\">\u064a\u0648\u063a\u0627 \u0627\u0644\u0622\u0628\u0627\u0621 \u0648\u0627\u0644\u0623\u0645\u0647\u0627\u062a \u0648\u0627\u0644\u0623\u0637\u0641\u0627\u0644<\/option><option value=\"Fitness\">\u0627\u0644\u0644\u064a\u0627\u0642\u0629 \u0627\u0644\u0628\u062f\u0646\u064a\u0629<\/option><option value=\"Kung Fu\">\u0643\u0648\u0646\u063a \u0641\u0648<\/option><option value=\"Malen\">\u0645\u0627\u0644\u064a\u0646<\/option><option value=\"Pilates\">\u0628\u064a\u0644\u0627\u062a\u0633<\/option><option value=\"Qi Gong\">\u062a\u0634\u064a \u0643\u0648\u0646\u063a<\/option><option value=\"R\u00fcckenfit\">\u0627\u0644\u0644\u064a\u0627\u0642\u0629 \u0627\u0644\u0638\u0647\u0631\u064a\u0629<\/option><option value=\"Schwimmen\">\u0627\u0644\u0633\u0628\u0627\u062d\u0629<\/option><option value=\"Tanzen\">\u0631\u0642\u0635<\/option><option value=\"Turnen\">\u062c\u0645\u0628\u0627\u0632<\/option><option value=\"Volleyball\">\u0643\u0631\u0629 \u0627\u0644\u0637\u0627\u0626\u0631\u0629<\/option><option value=\"Yoga\">\u064a\u0648\u063a\u0627<\/option><option value=\"Zumba\">\u0632\u0627\u0645\u0628\u0627<\/option><\/select><\/span> <\/label>\n<\/p>\n<p><label> \u062a\u0627\u0631\u064a\u062e \u0627\u0644\u0645\u064a\u0644\u0627\u062f (\u062d\u0642\u0644 \u0625\u0644\u0632\u0627\u0645\u064a) <\/label><br \/>\n<span class=\"wpcf7-form-control-wrap\" data-name=\"date-421\"><input class=\"wpcf7-form-control wpcf7-date wpcf7-validates-as-required wpcf7-validates-as-date\" min=\"1930-01-01\" max=\"2070-12-31\" aria-required=\"true\" aria-invalid=\"false\" value=\"\" type=\"date\" name=\"date-421\" \/><\/span>\n<\/p>\n<p><label> \u0631\u0642\u0645 \u0647\u0627\u062a\u0641\u0643<br \/>\n<span class=\"wpcf7-form-control-wrap\" data-name=\"tel-904\"><input size=\"40\" maxlength=\"400\" class=\"wpcf7-form-control wpcf7-tel wpcf7-text wpcf7-validates-as-tel\" aria-invalid=\"false\" value=\"\" type=\"tel\" name=\"tel-904\" \/><\/span> <\/label>\n<\/p>\n<p><label> \u0647\u0644 \u0644\u062f\u064a\u0643 \u062e\u0628\u0631\u0629 \u0633\u0627\u0628\u0642\u0629\u061f (\u062d\u0642\u0644 \u0625\u0644\u0632\u0627\u0645\u064a)<br \/>\n<span class=\"wpcf7-form-control-wrap\" data-name=\"Vorerfahrung\"><select class=\"wpcf7-form-control wpcf7-select wpcf7-validates-as-required\" aria-required=\"true\" aria-invalid=\"false\" name=\"Vorerfahrung\"><option value=\"\">&#8211; Bitte ausw\u00e4hlen &#8211;<\/option><option value=\"Ja\">\u0646\u0639\u0645<\/option><option value=\"Nein\">\u0644\u0627<\/option><\/select><\/span> <\/label>\n<\/p>\n<p><label> \u0623\u064a\u0646 \u062a\u0645 \u0627\u0644\u062a\u062f\u0631\u064a\u0628 \u0628\u0627\u0644\u0641\u0639\u0644\u061f (\u0627\u062e\u062a\u064a\u0627\u0631\u064a)<br \/>\n<span class=\"wpcf7-form-control-wrap\" data-name=\"Vorerfahrung2\"><input size=\"40\" maxlength=\"400\" class=\"wpcf7-form-control wpcf7-text\" aria-invalid=\"false\" value=\"\" type=\"text\" name=\"Vorerfahrung2\" \/><\/span> <\/label>\n<\/p>\n<p><label> \u0645\u0646 \u0623\u064a\u0646 \u062a\u0639\u0631\u0641\u0646\u0627\u061f (\u062d\u0642\u0644 \u0625\u0644\u0632\u0627\u0645\u064a)<br \/>\n<span class=\"wpcf7-form-control-wrap\" data-name=\"menu-989\"><select class=\"wpcf7-form-control wpcf7-select\" aria-invalid=\"false\" name=\"menu-989\"><option value=\"\">&#8211; Bitte ausw\u00e4hlen &#8211;<\/option><option value=\"Webseite\">\u0645\u0648\u0642\u0639 \u0625\u0644\u0643\u062a\u0631\u0648\u0646\u064a<\/option><option value=\"Flyer\">\u0646\u0634\u0631\u0629<\/option><option value=\"Social Media\">\u0648\u0633\u0627\u0626\u0644 \u0627\u0644\u062a\u0648\u0627\u0635\u0644 \u0627\u0644\u0627\u062c\u062a\u0645\u0627\u0639\u064a<\/option><option value=\"Newsletter\">\u0646\u0634\u0631\u0629 \u0625\u062e\u0628\u0627\u0631\u064a\u0629<\/option><option value=\"Empfehlung durch Bekannte\">\u062a\u0648\u0635\u064a\u0629 \u0645\u0646 \u0627\u0644\u0645\u0639\u0627\u0631\u0641<\/option><\/select><\/span> <\/label>\n<\/p>\n<p><label> \u0645\u0632\u064a\u062f \u0645\u0646 \u0627\u0644\u0645\u0639\u0644\u0648\u0645\u0627\u062a\u061f<br \/>\n<span class=\"wpcf7-form-control-wrap\" data-name=\"WeitereInformationen\"><input size=\"40\" maxlength=\"400\" class=\"wpcf7-form-control wpcf7-text\" aria-invalid=\"false\" value=\"\" type=\"text\" name=\"WeitereInformationen\" \/><\/span> <\/label>\n<\/p>\n<p><input class=\"wpcf7-form-control wpcf7-submit has-spinner\" type=\"submit\" value=\"\u0625\u0631\u0633\u0627\u0644\" \/>\n<\/p><div class=\"wpcf7-response-output\" aria-hidden=\"true\"><\/div>\n<input type=\"hidden\" name=\"trp-form-language\" value=\"ar\"\/><\/form>\n<\/div>\n            <\/div>\n\n\n        \t\t\t\t<\/div>\n\t\t\t\t<\/div>\n\t\t\t\t\t<\/div>\n\t\t<\/div>\n\t\t\t\t\t<\/div>\n\t\t<\/section>\n\t\t\t\t<\/div>","protected":false},"excerpt":{"rendered":"<p>Werde Trainer\/in bei uns! Der Sport ist Deine Leidenschaft und Du m\u00f6chtest Dein Fachwissen weitergeben? Dann werde \u00dcbungsleiter*in bei Viktoria Mitte! F\u00fcr unser vielf\u00e4ltiges Sportangebot suchen wir laufend nach begeisterten Sportler*innen, die sich bei uns engagieren m\u00f6chten. Wir bieten eine angemessene Aufwandsentsch\u00e4digung, stellen Trainingskleidung und -materialen und bieten M\u00f6glichkeiten zum Lizenzerwerb und zur Weiterbildung. Klingt [&hellip;]<\/p>\n","protected":false},"author":1,"featured_media":0,"parent":0,"menu_order":0,"comment_status":"closed","ping_status":"closed","template":"elementor_header_footer","meta":{"ocean_post_layout":"","ocean_both_sidebars_style":"","ocean_both_sidebars_content_width":0,"ocean_both_sidebars_sidebars_width":0,"ocean_sidebar":"0","ocean_second_sidebar":"0","ocean_disable_margins":"enable","ocean_add_body_class":"","ocean_shortcode_before_top_bar":"","ocean_shortcode_after_top_bar":"","ocean_shortcode_before_header":"","ocean_shortcode_after_header":"","ocean_has_shortcode":"","ocean_shortcode_after_title":"","ocean_shortcode_before_footer_widgets":"","ocean_shortcode_after_footer_widgets":"","ocean_shortcode_before_footer_bottom":"","ocean_shortcode_after_footer_bottom":"","ocean_display_top_bar":"default","ocean_display_header":"default","ocean_header_style":"","ocean_center_header_left_menu":"0","ocean_custom_header_template":"0","ocean_custom_logo":0,"ocean_custom_retina_logo":0,"ocean_custom_logo_max_width":0,"ocean_custom_logo_tablet_max_width":0,"ocean_custom_logo_mobile_max_width":0,"ocean_custom_logo_max_height":0,"ocean_custom_logo_tablet_max_height":0,"ocean_custom_logo_mobile_max_height":0,"ocean_header_custom_menu":"0","ocean_menu_typo_font_family":"0","ocean_menu_typo_font_subset":"","ocean_menu_typo_font_size":0,"ocean_menu_typo_font_size_tablet":0,"ocean_menu_typo_font_size_mobile":0,"ocean_menu_typo_font_size_unit":"px","ocean_menu_typo_font_weight":"","ocean_menu_typo_font_weight_tablet":"","ocean_menu_typo_font_weight_mobile":"","ocean_menu_typo_transform":"","ocean_menu_typo_transform_tablet":"","ocean_menu_typo_transform_mobile":"","ocean_menu_typo_line_height":0,"ocean_menu_typo_line_height_tablet":0,"ocean_menu_typo_line_height_mobile":0,"ocean_menu_typo_line_height_unit":"","ocean_menu_typo_spacing":0,"ocean_menu_typo_spacing_tablet":0,"ocean_menu_typo_spacing_mobile":0,"ocean_menu_typo_spacing_unit":"","ocean_menu_link_color":"","ocean_menu_link_color_hover":"","ocean_menu_link_color_active":"","ocean_menu_link_background":"","ocean_menu_link_hover_background":"","ocean_menu_link_active_background":"","ocean_menu_social_links_bg":"","ocean_menu_social_hover_links_bg":"","ocean_menu_social_links_color":"","ocean_menu_social_hover_links_color":"","ocean_disable_title":"on","ocean_disable_heading":"default","ocean_post_title":"","ocean_post_subheading":"","ocean_post_title_style":"","ocean_post_title_background_color":"","ocean_post_title_background":0,"ocean_post_title_bg_image_position":"","ocean_post_title_bg_image_attachment":"","ocean_post_title_bg_image_repeat":"","ocean_post_title_bg_image_size":"","ocean_post_title_height":0,"ocean_post_title_bg_overlay":0.5,"ocean_post_title_bg_overlay_color":"","ocean_disable_breadcrumbs":"default","ocean_breadcrumbs_color":"","ocean_breadcrumbs_separator_color":"","ocean_breadcrumbs_links_color":"","ocean_breadcrumbs_links_hover_color":"","ocean_display_footer_widgets":"default","ocean_display_footer_bottom":"default","ocean_custom_footer_template":"0","footnotes":""},"class_list":["post-4377","page","type-page","status-publish","hentry","entry"],"_links":{"self":[{"href":"https:\/\/www.viktoriamitte.de\/ar\/wp-json\/wp\/v2\/pages\/4377","targetHints":{"allow":["GET"]}}],"collection":[{"href":"https:\/\/www.viktoriamitte.de\/ar\/wp-json\/wp\/v2\/pages"}],"about":[{"href":"https:\/\/www.viktoriamitte.de\/ar\/wp-json\/wp\/v2\/types\/page"}],"author":[{"embeddable":true,"href":"https:\/\/www.viktoriamitte.de\/ar\/wp-json\/wp\/v2\/users\/1"}],"replies":[{"embeddable":true,"href":"https:\/\/www.viktoriamitte.de\/ar\/wp-json\/wp\/v2\/comments?post=4377"}],"version-history":[{"count":40,"href":"https:\/\/www.viktoriamitte.de\/ar\/wp-json\/wp\/v2\/pages\/4377\/revisions"}],"predecessor-version":[{"id":31737,"href":"https:\/\/www.viktoriamitte.de\/ar\/wp-json\/wp\/v2\/pages\/4377\/revisions\/31737"}],"wp:attachment":[{"href":"https:\/\/www.viktoriamitte.de\/ar\/wp-json\/wp\/v2\/media?parent=4377"}],"curies":[{"name":"wp","href":"https:\/\/api.w.org\/{rel}","templated":true}]}}