{"id":2424,"date":"2020-09-01T09:35:28","date_gmt":"2020-09-01T07:35:28","guid":{"rendered":"https:\/\/www.viktoriamitte.de\/flowmetest\/wordpress\/?page_id=2424"},"modified":"2026-02-11T09:57:57","modified_gmt":"2026-02-11T08:57:57","slug":"impressum","status":"publish","type":"page","link":"https:\/\/www.viktoriamitte.de\/ar\/impressum\/","title":{"rendered":"\u0628\u064a\u0627\u0646 \u0625\u062f\u0627\u0631\u064a"},"content":{"rendered":"<div data-elementor-type=\"wp-page\" data-elementor-id=\"2424\" class=\"elementor elementor-2424\">\n\t\t\t\t\t\t<section class=\"elementor-section elementor-top-section elementor-element elementor-element-e5de39e elementor-section-boxed elementor-section-height-default elementor-section-height-default\" data-id=\"e5de39e\" data-element_type=\"section\" data-e-type=\"section\" data-settings=\"{&quot;background_background&quot;:&quot;classic&quot;}\">\n\t\t\t\t\t\t<div class=\"elementor-container elementor-column-gap-default\">\n\t\t\t\t\t<div class=\"elementor-column elementor-col-100 elementor-top-column elementor-element elementor-element-8699335\" data-id=\"8699335\" data-element_type=\"column\" data-e-type=\"column\">\n\t\t\t<div class=\"elementor-widget-wrap elementor-element-populated\">\n\t\t\t\t\t\t<div class=\"elementor-element elementor-element-a562003 elementor-widget elementor-widget-spacer\" data-id=\"a562003\" data-element_type=\"widget\" data-e-type=\"widget\" data-widget_type=\"spacer.default\">\n\t\t\t\t\t\t\t<div class=\"elementor-spacer\">\n\t\t\t<div class=\"elementor-spacer-inner\"><\/div>\n\t\t<\/div>\n\t\t\t\t\t\t<\/div>\n\t\t\t\t<div class=\"elementor-element elementor-element-4cf25be elementor-widget elementor-widget-heading\" data-id=\"4cf25be\" data-element_type=\"widget\" data-e-type=\"widget\" data-widget_type=\"heading.default\">\n\t\t\t\t\t<h2 class=\"elementor-heading-title elementor-size-large\">\u0628\u064a\u0627\u0646 \u0625\u062f\u0627\u0631\u064a<\/h2>\t\t\t\t<\/div>\n\t\t\t\t<div class=\"elementor-element elementor-element-a08ac6d elementor-widget elementor-widget-text-editor\" data-id=\"a08ac6d\" data-element_type=\"widget\" data-e-type=\"widget\" data-widget_type=\"text-editor.default\">\n\t\t\t\t\t\t\t\t\t<p>\u0645\u0643\u062a\u0628 \u0627\u0644\u0646\u0627\u062f\u064a \u0644\u0644\u0634\u0624\u0648\u0646 \u0627\u0644\u062a\u0627\u0644\u064a\u0629: \u0634\u0624\u0648\u0646 \u0627\u0644\u0623\u0639\u0636\u0627\u0621\u060c \u0627\u0644\u0645\u062d\u0627\u0633\u0628\u0629\u060c \u0645\u062a\u062c\u0631 \u0641\u064a\u0643\u064a<\/p><p>\u0641\u0631\u0648\u0633\u062a\u0646\u0628\u0631\u063a\u0631 \u0634\u062a\u0631\u0627\u0633\u0647 12\u060c 10435 \u0628\u0631\u0644\u064a\u0646<br \/>\u0647\u0627\u062a\u0641: 030-88 06 23 00<br \/>\u0641\u0627\u0643\u0633: \u0660\u0663\u0660-\u0668\u0668 \u0660\u0666 \u0662\u0663 \u0660\u0662<\/p><p>\u0641\u064a\u0643\u064a \u0647\u0627\u0648\u0633 \u0644\u0644\u0634\u0624\u0648\u0646 \u0627\u0644\u062a\u0627\u0644\u064a\u0629: \u0637\u0644\u0628 \u0639\u0631\u0648\u0636 \u0627\u0644\u062f\u0648\u0631\u0627\u062a\u060c \u0627\u0644\u0645\u0648\u0627\u0631\u062f \u0627\u0644\u0628\u0634\u0631\u064a\u0629\u060c \u0639\u0645\u0644 \u0645\u062c\u0644\u0633 \u0627\u0644\u0625\u062f\u0627\u0631\u0629<\/p><p>\u0641\u0627\u062a\u0631 \u0634\u062a\u0631\u0627\u0633\u0647 5\u060c 13355 \u0628\u0631\u0644\u064a\u0646<br \/>\u0647\u0627\u062a\u0641: \u0660\u0663\u0660-\u0665\u0665 \u0662\u0667 \u0664\u0666 \u0667\u0664<\/p><p><strong>\u0646\u0627\u0634\u0631<\/strong>: \u0625\u0633 \u0641\u064a \u0631\u0648\u062a-\u0648\u064a\u064a\u0633 \u0641\u064a\u0643\u062a\u0648\u0631\u064a\u0627 \u0645\u064a\u062a\u064a\u0647 08 \u0641\u064a.<br \/>\u0627\u0644\u0639\u0646\u0648\u0627\u0646: \u0623\u0645 \u062a\u0633\u064a\u0631\u0643\u0648\u0633 5\u060c 10117 \u0628\u0631\u0644\u064a\u0646<\/p><p><strong>\u0628\u0631\u064a\u062f<\/strong>: info@viktoriamitte.de<\/p><p><strong>\u0645\u062c\u0644\u0633 \u0627\u0644\u0625\u062f\u0627\u0631\u0629<\/strong>vorstand@viktoriamitte.de<\/p><p><strong>\u0625\u0646\u062a\u0631\u0646\u062a<\/strong>www.viktoriamitte.de<br \/>\u0631\u0642\u0645 \u0627\u0644\u0633\u062c\u0644 \u0627\u0644\u062a\u062c\u0627\u0631\u064a: VR 27747 B\u060c \u0645\u062d\u0643\u0645\u0629 \u062a\u0634\u0627\u0631\u0644\u0648\u062a\u0646\u0628\u0648\u0631\u063a \u0627\u0644\u0627\u0628\u062a\u062f\u0627\u0626\u064a\u0629<br \/>\u0628\u064a\u0627\u0646\u0627\u062a \u0627\u0644\u062d\u0633\u0627\u0628 \u0627\u0644\u0645\u0635\u0631\u0641\u064a: \u064a\u0631\u062c\u0649 \u0637\u0644\u0628\u0647\u0627 \u0639\u0628\u0631 \u0627\u0644\u0628\u0631\u064a\u062f \u0627\u0644\u0625\u0644\u0643\u062a\u0631\u0648\u0646\u064a<\/p><p><strong>\u0645\u0633\u0624\u0648\u0644\u064a\u0629 \u0627\u0644\u0631\u0648\u0627\u0628\u0637<\/strong><br \/>\u0639\u0644\u0649 \u0627\u0644\u0631\u063a\u0645 \u0645\u0646 \u0627\u0644\u0645\u0631\u0627\u062c\u0639\u0629 \u0627\u0644\u062f\u0642\u064a\u0642\u0629\u060c \u0644\u0627 \u064a\u062a\u062d\u0645\u0644 \u0646\u0627\u062f\u064a SV Rot-Wei\u00df Viktoria Mitte 08 e.V. \u0623\u064a \u0645\u0633\u0624\u0648\u0644\u064a\u0629 \u0639\u0646 \u0645\u062d\u062a\u0648\u064a\u0627\u062a \u0627\u0644\u0631\u0648\u0627\u0628\u0637 \u0627\u0644\u062e\u0627\u0631\u062c\u064a\u0629. \u064a\u062a\u062d\u0645\u0644 \u0645\u0634\u063a\u0644\u0648 \u0627\u0644\u0635\u0641\u062d\u0627\u062a \u0627\u0644\u0645\u0631\u062a\u0628\u0637\u0629 \u0627\u0644\u0645\u0633\u0624\u0648\u0644\u064a\u0629 \u0627\u0644\u062d\u0635\u0631\u064a\u0629 \u0639\u0646 \u0645\u062d\u062a\u0648\u0627\u0647\u0627.<\/p><p><strong>\u0646\u0645\u0648\u0630\u062c \u0627\u0644\u0627\u062a\u0635\u0627\u0644<\/strong><br \/>\u0625\u0630\u0627 \u0623\u0631\u0633\u0644\u062a \u0644\u0646\u0627 \u0627\u0633\u062a\u0641\u0633\u0627\u0631\u0627\u062a \u0639\u0628\u0631 \u0646\u0645\u0648\u0630\u062c \u0627\u0644\u0627\u062a\u0635\u0627\u0644\u060c \u0641\u0633\u064a\u062a\u0645 \u062a\u062e\u0632\u064a\u0646 \u0628\u064a\u0627\u0646\u0627\u062a\u0643 \u0645\u0646 \u0646\u0645\u0648\u0630\u062c \u0627\u0644\u0627\u0633\u062a\u0641\u0633\u0627\u0631\u060c \u0628\u0645\u0627 \u0641\u064a \u0630\u0644\u0643 \u0628\u064a\u0627\u0646\u0627\u062a \u0627\u0644\u0627\u062a\u0635\u0627\u0644 \u0627\u0644\u062a\u064a \u0642\u062f\u0645\u062a\u0647\u0627 \u0647\u0646\u0627\u0643\u060c \u0644\u063a\u0631\u0636 \u0645\u0639\u0627\u0644\u062c\u0629 \u0627\u0644\u0627\u0633\u062a\u0641\u0633\u0627\u0631 \u0648\u0644\u0644\u062d\u0627\u0644\u0629 \u0627\u0644\u062a\u064a \u062a\u0643\u0648\u0646 \u0641\u064a\u0647\u0627 \u0623\u0633\u0626\u0644\u0629 \u0645\u062a\u0627\u0628\u0639\u0629. \u0644\u0646 \u0646\u0634\u0627\u0631\u0643 \u0647\u0630\u0647 \u0627\u0644\u0628\u064a\u0627\u0646\u0627\u062a \u062f\u0648\u0646 \u0645\u0648\u0627\u0641\u0642\u062a\u0643.<\/p><p><b style=\"font-size: 16px; color: var( --e-global-color-text );\">\u062a\u0645 \u0625\u0646\u0634\u0627\u0621 \u0645\u0648\u0642\u0639 \u0641\u064a\u0643\u062a\u0648\u0631\u064a\u0627 \u0645\u064a\u062a \u0645\u0646\u0641\u0630 \u0628\u0648\u0627\u0633\u0637\u0629:<\/b><\/p><p>\u0627\u0644\u0648\u064a\u0628: \u0644\u064a\u0632\u0627 \u062a\u0634\u0627\u0648\u060c \u0641\u0627\u0644\u0646\u062a\u064a\u0646 \u062f\u0648\u0646\u0627\u062b\u060c \u0645\u0627\u064a\u0643 \u0633\u0648\u0645\u0631 \u2013 \u0625\u0633 \u0641\u064a \u0631\u0648\u062a-\u0641\u0627\u064a\u0633 \u0641\u064a\u0643\u062a\u0648\u0631\u064a\u0627 \u0645\u064a\u062a\u064a\u0647 08 \u0625\u064a. \u0641\u064a.<\/p><p>\u0631\u0633\u0645 \u0628\u064a\u0627\u0646\u064a: \u0645\u0627\u064a\u0643 \u0633\u0648\u0645\u0631 \u2013 \u0625\u0633 \u0641\u064a \u0631\u0648\u062a-\u0641\u0627\u064a\u0633 \u0641\u064a\u0643\u062a\u0648\u0631\u064a\u0627 \u0645\u064a\u062a\u064a\u0647 08 \u0634.\u0645.<\/p><p>\u062a\u062d\u0631\u064a\u0631: \u0644\u064a\u0632\u0627 \u062a\u0634\u0627\u0648\u060c \u0641\u0627\u0644\u0646\u062a\u064a\u0646 \u062f\u0648\u0646\u0627\u062b\u060c \u0625\u0633 \u0641\u064a \u0631\u0648\u062a-\u0641\u0627\u064a\u0633 \u0641\u064a\u0643\u062a\u0648\u0631\u064a\u0627 \u0645\u064a\u062a\u064a\u0647 08 \u0634.\u0645.<\/p>\t\t\t\t\t\t\t\t<\/div>\n\t\t\t\t<div class=\"elementor-element elementor-element-01e6cf8 elementor-widget elementor-widget-text-editor\" data-id=\"01e6cf8\" data-element_type=\"widget\" data-e-type=\"widget\" data-widget_type=\"text-editor.default\">\n\t\t\t\t\t\t\t\t\t<p><b>\u0634\u0641\u0627\u0641\u064a\u0629<\/b><\/p>\n<p>\u064a\u0645\u0643\u0646\u0643 \u0627\u0644\u0639\u062b\u0648\u0631 \u0639\u0644\u0649 \u0633\u062c\u0644\u0646\u0627 \u0641\u064a \u0642\u0627\u0639\u062f\u0629 \u0628\u064a\u0627\u0646\u0627\u062a \u0627\u0644\u0634\u0641\u0627\u0641\u064a\u0629 \u0644\u0648\u0644\u0627\u064a\u0629 \u0628\u0631\u0644\u064a\u0646&nbsp;<a href=\"https:\/\/transparenzdatenbank.berlin.de\/oberflaeche\/index.cfm?dateiname=organisation_beschreibung_transparenz.cfm&amp;id=67A93C9318059FC8698C43742E40DC72&amp;anwender_id=5&amp;seite=1&amp;sortorder_transparenz=organisation&amp;sortdirection=desc&amp;cfide=0.413283732644&amp;name_der_organisation=Viktoria&amp;registrierungsnr=&amp;transparenzlogo=0&amp;plz=\" target=\"_blank\" rel=\"noopener\"><b><u>\u0647\u0646\u0627<\/u><\/b><\/a>.<\/p>\t\t\t\t\t\t\t\t<\/div>\n\t\t\t\t<div class=\"elementor-element elementor-element-03f2ed2 elementor-widget elementor-widget-image\" data-id=\"03f2ed2\" data-element_type=\"widget\" data-e-type=\"widget\" data-widget_type=\"image.default\">\n\t\t\t\t\t\t\t\t\t\t\t\t\t\t\t\t<a href=\"https:\/\/www.berlin.de\/buergeraktiv\/informieren\/transparenz\/transparenzdatenbank\/index.cfm?dateiname=organisation_beschreibung_transparenz.cfm&#038;cfide=0.786529048147&#038;id=67A93C9318059FC8698C43742E40DC72\u00a0\">\n\t\t\t\t\t\t\t<img decoding=\"async\" width=\"113\" height=\"33\" src=\"https:\/\/www.viktoriamitte.de\/wp-content\/uploads\/2022\/02\/Berlin-transparent.webp\" class=\"attachment-large size-large wp-image-6922\" alt=\"\" srcset=\"https:\/\/www.viktoriamitte.de\/wp-content\/uploads\/2022\/02\/Berlin-transparent.webp 113w, https:\/\/www.viktoriamitte.de\/wp-content\/uploads\/2022\/02\/Berlin-transparent-16x5.webp 16w\" sizes=\"(max-width: 113px) 100vw, 113px\" \/>\t\t\t\t\t\t\t\t<\/a>\n\t\t\t\t\t\t\t\t\t\t\t\t\t\t\t<\/div>\n\t\t\t\t<div class=\"elementor-element elementor-element-1c00fe1 elementor-widget-divider--view-line elementor-widget elementor-widget-divider\" data-id=\"1c00fe1\" data-element_type=\"widget\" data-e-type=\"widget\" data-widget_type=\"divider.default\">\n\t\t\t\t\t\t\t<div class=\"elementor-divider\">\n\t\t\t<span class=\"elementor-divider-separator\">\n\t\t\t\t\t\t<\/span>\n\t\t<\/div>\n\t\t\t\t\t\t<\/div>\n\t\t\t\t\t<\/div>\n\t\t<\/div>\n\t\t\t\t\t<\/div>\n\t\t<\/section>\n\t\t\t\t<section class=\"elementor-section elementor-top-section elementor-element elementor-element-6d972fa elementor-section-boxed elementor-section-height-default elementor-section-height-default\" data-id=\"6d972fa\" data-element_type=\"section\" data-e-type=\"section\">\n\t\t\t\t\t\t<div class=\"elementor-container elementor-column-gap-default\">\n\t\t\t\t\t<div class=\"elementor-column elementor-col-100 elementor-top-column elementor-element elementor-element-c01271a\" data-id=\"c01271a\" data-element_type=\"column\" data-e-type=\"column\">\n\t\t\t<div class=\"elementor-widget-wrap elementor-element-populated\">\n\t\t\t\t\t\t<div class=\"elementor-element elementor-element-fa91010 elementor-widget elementor-widget-heading\" data-id=\"fa91010\" data-element_type=\"widget\" data-e-type=\"widget\" data-widget_type=\"heading.default\">\n\t\t\t\t\t<h2 class=\"elementor-heading-title elementor-size-default\">\u0634\u062c\u0639 \u0641\u0631\u064a\u0642\u0643!<\/h2>\t\t\t\t<\/div>\n\t\t\t\t<div class=\"elementor-element elementor-element-8eec468 elementor-shape-rounded elementor-grid-0 e-grid-align-center elementor-widget elementor-widget-social-icons\" data-id=\"8eec468\" data-element_type=\"widget\" data-e-type=\"widget\" data-widget_type=\"social-icons.default\">\n\t\t\t\t\t\t\t<div class=\"elementor-social-icons-wrapper elementor-grid\" role=\"list\">\n\t\t\t\t\t\t\t<span class=\"elementor-grid-item\" role=\"listitem\">\n\t\t\t\t\t<a class=\"elementor-icon elementor-social-icon elementor-social-icon-facebook elementor-repeater-item-5bfce70\" href=\"https:\/\/www.facebook.com\/viktoriamitte\" target=\"_blank\">\n\t\t\t\t\t\t<span class=\"elementor-screen-only\">\u0641\u064a\u0633\u0628\u0648\u0643<\/span>\n\t\t\t\t\t\t<svg aria-hidden=\"true\" class=\"e-font-icon-svg e-fab-facebook\" viewbox=\"0 0 512 512\" xmlns=\"http:\/\/www.w3.org\/2000\/svg\"><path d=\"M504 256C504 119 393 8 256 8S8 119 8 256c0 123.78 90.69 226.38 209.25 245V327.69h-63V256h63v-54.64c0-62.15 37-96.48 93.67-96.48 27.14 0 55.52 4.84 55.52 4.84v61h-31.28c-30.8 0-40.41 19.12-40.41 38.73V256h68.78l-11 71.69h-57.78V501C413.31 482.38 504 379.78 504 256z\"><\/path><\/svg>\t\t\t\t\t<\/a>\n\t\t\t\t<\/span>\n\t\t\t\t\t\t\t<span class=\"elementor-grid-item\" role=\"listitem\">\n\t\t\t\t\t<a class=\"elementor-icon elementor-social-icon elementor-social-icon-youtube elementor-repeater-item-55874ed\" href=\"https:\/\/www.youtube.com\/channel\/UCqKLm5nxrXwwgpOS5eYDpcA\" target=\"_blank\">\n\t\t\t\t\t\t<span class=\"elementor-screen-only\">\u064a\u0648\u062a\u064a\u0648\u0628<\/span>\n\t\t\t\t\t\t<svg aria-hidden=\"true\" class=\"e-font-icon-svg e-fab-youtube\" viewbox=\"0 0 576 512\" xmlns=\"http:\/\/www.w3.org\/2000\/svg\"><path d=\"M549.655 124.083c-6.281-23.65-24.787-42.276-48.284-48.597C458.781 64 288 64 288 64S117.22 64 74.629 75.486c-23.497 6.322-42.003 24.947-48.284 48.597-11.412 42.867-11.412 132.305-11.412 132.305s0 89.438 11.412 132.305c6.281 23.65 24.787 41.5 48.284 47.821C117.22 448 288 448 288 448s170.78 0 213.371-11.486c23.497-6.321 42.003-24.171 48.284-47.821 11.412-42.867 11.412-132.305 11.412-132.305s0-89.438-11.412-132.305zm-317.51 213.508V175.185l142.739 81.205-142.739 81.201z\"><\/path><\/svg>\t\t\t\t\t<\/a>\n\t\t\t\t<\/span>\n\t\t\t\t\t\t\t<span class=\"elementor-grid-item\" role=\"listitem\">\n\t\t\t\t\t<a class=\"elementor-icon elementor-social-icon elementor-social-icon-instagram elementor-repeater-item-3041252\" href=\"https:\/\/www.instagram.com\/viktoriamitte\/\" target=\"_blank\">\n\t\t\t\t\t\t<span class=\"elementor-screen-only\">\u0627\u0646\u0633\u062a\u063a\u0631\u0627\u0645<\/span>\n\t\t\t\t\t\t<svg aria-hidden=\"true\" class=\"e-font-icon-svg e-fab-instagram\" viewbox=\"0 0 448 512\" xmlns=\"http:\/\/www.w3.org\/2000\/svg\"><path d=\"M224.1 141c-63.6 0-114.9 51.3-114.9 114.9s51.3 114.9 114.9 114.9S339 319.5 339 255.9 287.7 141 224.1 141zm0 189.6c-41.1 0-74.7-33.5-74.7-74.7s33.5-74.7 74.7-74.7 74.7 33.5 74.7 74.7-33.6 74.7-74.7 74.7zm146.4-194.3c0 14.9-12 26.8-26.8 26.8-14.9 0-26.8-12-26.8-26.8s12-26.8 26.8-26.8 26.8 12 26.8 26.8zm76.1 27.2c-1.7-35.9-9.9-67.7-36.2-93.9-26.2-26.2-58-34.4-93.9-36.2-37-2.1-147.9-2.1-184.9 0-35.8 1.7-67.6 9.9-93.9 36.1s-34.4 58-36.2 93.9c-2.1 37-2.1 147.9 0 184.9 1.7 35.9 9.9 67.7 36.2 93.9s58 34.4 93.9 36.2c37 2.1 147.9 2.1 184.9 0 35.9-1.7 67.7-9.9 93.9-36.2 26.2-26.2 34.4-58 36.2-93.9 2.1-37 2.1-147.8 0-184.8zM398.8 388c-7.8 19.6-22.9 34.7-42.6 42.6-29.5 11.7-99.5 9-132.1 9s-102.7 2.6-132.1-9c-19.6-7.8-34.7-22.9-42.6-42.6-11.7-29.5-9-99.5-9-132.1s-2.6-102.7 9-132.1c7.8-19.6 22.9-34.7 42.6-42.6 29.5-11.7 99.5-9 132.1-9s102.7-2.6 132.1 9c19.6 7.8 34.7 22.9 42.6 42.6 11.7 29.5 9 99.5 9 132.1s2.7 102.7-9 132.1z\"><\/path><\/svg>\t\t\t\t\t<\/a>\n\t\t\t\t<\/span>\n\t\t\t\t\t<\/div>\n\t\t\t\t\t\t<\/div>\n\t\t\t\t\t<\/div>\n\t\t<\/div>\n\t\t\t\t\t<\/div>\n\t\t<\/section>\n\t\t\t\t<section class=\"elementor-section elementor-top-section elementor-element elementor-element-73ff6df elementor-section-boxed elementor-section-height-default elementor-section-height-default\" data-id=\"73ff6df\" data-element_type=\"section\" data-e-type=\"section\">\n\t\t\t\t\t\t<div class=\"elementor-container elementor-column-gap-default\">\n\t\t\t\t\t<div class=\"elementor-column elementor-col-100 elementor-top-column elementor-element elementor-element-0e30d77\" data-id=\"0e30d77\" data-element_type=\"column\" data-e-type=\"column\">\n\t\t\t<div class=\"elementor-widget-wrap elementor-element-populated\">\n\t\t\t\t\t\t<div class=\"elementor-element elementor-element-d5acbf4 elementor-widget elementor-widget-spacer\" data-id=\"d5acbf4\" data-element_type=\"widget\" data-e-type=\"widget\" data-widget_type=\"spacer.default\">\n\t\t\t\t\t\t\t<div class=\"elementor-spacer\">\n\t\t\t<div class=\"elementor-spacer-inner\"><\/div>\n\t\t<\/div>\n\t\t\t\t\t\t<\/div>\n\t\t\t\t\t<\/div>\n\t\t<\/div>\n\t\t\t\t\t<\/div>\n\t\t<\/section>\n\t\t\t\t<\/div>","protected":false},"excerpt":{"rendered":"<p>Impressum Vereinsb\u00fcro f\u00fcr folgende Angelegeheiten: Mitgliederwesen, Buchhaltung, Viki-Shop F\u00fcrstenbergerstr. 12, 10435 BerlinTel: 030-88 06 23 00Fax: 030-88 06 23 02 VikiHaus f\u00fcr folgende Angelegeheiten: Anfrage Kursangebote, Personalwesen, Vorstandsarbeit Wattstr. 5, 13355 BerlinTel: 030-55 27 46 74 Herausgeber: SV Rot-Wei\u00df Viktoria Mitte 08 e.V.Adresse: Am Zirkus 5, 10117 Berlin Mail: info@viktoriamitte.de Vorstand: vorstand@viktoriamitte.de Internet: www.viktoriamitte.deVereinsregisternr.: VR [&hellip;]<\/p>\n","protected":false},"author":1,"featured_media":0,"parent":0,"menu_order":0,"comment_status":"closed","ping_status":"closed","template":"elementor_header_footer","meta":{"ocean_post_layout":"","ocean_both_sidebars_style":"","ocean_both_sidebars_content_width":0,"ocean_both_sidebars_sidebars_width":0,"ocean_sidebar":"0","ocean_second_sidebar":"0","ocean_disable_margins":"enable","ocean_add_body_class":"","ocean_shortcode_before_top_bar":"","ocean_shortcode_after_top_bar":"","ocean_shortcode_before_header":"","ocean_shortcode_after_header":"","ocean_has_shortcode":"","ocean_shortcode_after_title":"","ocean_shortcode_before_footer_widgets":"","ocean_shortcode_after_footer_widgets":"","ocean_shortcode_before_footer_bottom":"","ocean_shortcode_after_footer_bottom":"","ocean_display_top_bar":"default","ocean_display_header":"default","ocean_header_style":"","ocean_center_header_left_menu":"0","ocean_custom_header_template":"0","ocean_custom_logo":0,"ocean_custom_retina_logo":0,"ocean_custom_logo_max_width":0,"ocean_custom_logo_tablet_max_width":0,"ocean_custom_logo_mobile_max_width":0,"ocean_custom_logo_max_height":0,"ocean_custom_logo_tablet_max_height":0,"ocean_custom_logo_mobile_max_height":0,"ocean_header_custom_menu":"0","ocean_menu_typo_font_family":"0","ocean_menu_typo_font_subset":"","ocean_menu_typo_font_size":0,"ocean_menu_typo_font_size_tablet":0,"ocean_menu_typo_font_size_mobile":0,"ocean_menu_typo_font_size_unit":"px","ocean_menu_typo_font_weight":"","ocean_menu_typo_font_weight_tablet":"","ocean_menu_typo_font_weight_mobile":"","ocean_menu_typo_transform":"","ocean_menu_typo_transform_tablet":"","ocean_menu_typo_transform_mobile":"","ocean_menu_typo_line_height":0,"ocean_menu_typo_line_height_tablet":0,"ocean_menu_typo_line_height_mobile":0,"ocean_menu_typo_line_height_unit":"","ocean_menu_typo_spacing":0,"ocean_menu_typo_spacing_tablet":0,"ocean_menu_typo_spacing_mobile":0,"ocean_menu_typo_spacing_unit":"","ocean_menu_link_color":"","ocean_menu_link_color_hover":"","ocean_menu_link_color_active":"","ocean_menu_link_background":"","ocean_menu_link_hover_background":"","ocean_menu_link_active_background":"","ocean_menu_social_links_bg":"","ocean_menu_social_hover_links_bg":"","ocean_menu_social_links_color":"","ocean_menu_social_hover_links_color":"","ocean_disable_title":"on","ocean_disable_heading":"default","ocean_post_title":"","ocean_post_subheading":"","ocean_post_title_style":"","ocean_post_title_background_color":"","ocean_post_title_background":0,"ocean_post_title_bg_image_position":"","ocean_post_title_bg_image_attachment":"","ocean_post_title_bg_image_repeat":"","ocean_post_title_bg_image_size":"","ocean_post_title_height":0,"ocean_post_title_bg_overlay":0.5,"ocean_post_title_bg_overlay_color":"","ocean_disable_breadcrumbs":"default","ocean_breadcrumbs_color":"","ocean_breadcrumbs_separator_color":"","ocean_breadcrumbs_links_color":"","ocean_breadcrumbs_links_hover_color":"","ocean_display_footer_widgets":"default","ocean_display_footer_bottom":"default","ocean_custom_footer_template":"0","footnotes":""},"class_list":["post-2424","page","type-page","status-publish","hentry","entry"],"_links":{"self":[{"href":"https:\/\/www.viktoriamitte.de\/ar\/wp-json\/wp\/v2\/pages\/2424","targetHints":{"allow":["GET"]}}],"collection":[{"href":"https:\/\/www.viktoriamitte.de\/ar\/wp-json\/wp\/v2\/pages"}],"about":[{"href":"https:\/\/www.viktoriamitte.de\/ar\/wp-json\/wp\/v2\/types\/page"}],"author":[{"embeddable":true,"href":"https:\/\/www.viktoriamitte.de\/ar\/wp-json\/wp\/v2\/users\/1"}],"replies":[{"embeddable":true,"href":"https:\/\/www.viktoriamitte.de\/ar\/wp-json\/wp\/v2\/comments?post=2424"}],"version-history":[{"count":37,"href":"https:\/\/www.viktoriamitte.de\/ar\/wp-json\/wp\/v2\/pages\/2424\/revisions"}],"predecessor-version":[{"id":33116,"href":"https:\/\/www.viktoriamitte.de\/ar\/wp-json\/wp\/v2\/pages\/2424\/revisions\/33116"}],"wp:attachment":[{"href":"https:\/\/www.viktoriamitte.de\/ar\/wp-json\/wp\/v2\/media?parent=2424"}],"curies":[{"name":"wp","href":"https:\/\/api.w.org\/{rel}","templated":true}]}}